{"id":7,"date":"2024-04-26T17:05:56","date_gmt":"2024-04-26T15:05:56","guid":{"rendered":"http:\/\/pleinouest-raidaventure.fr\/?page_id=7"},"modified":"2025-11-19T13:38:00","modified_gmt":"2025-11-19T12:38:00","slug":"accueil","status":"publish","type":"page","link":"https:\/\/pleinouest-raidaventure.fr\/","title":{"rendered":"Plein Ouest Raid Aventure &#8211; Club de raid en Essonne"},"content":{"rendered":"\n<p><strong>Plein Ouest<\/strong> est un club de Raid Aventure qui se situe dans l&rsquo;Essonne. Nous proposons environ un entra\u00eenement par mois et, pour la deuxi\u00e8me ann\u00e9e, nous organisons une comp\u00e9tition de course d&rsquo;orientation nocturne ouverte \u00e0 tous : La Yerres By Night. Les entra\u00eenements sont compos\u00e9s de course d&rsquo;orientation, de VTT d&rsquo;orientation et d&rsquo;une troisi\u00e8me activit\u00e9 variable qui peut \u00eatre du kayak, de l&rsquo;escalade, du tir, etc.<\/p>\n\n\n\n<figure class=\"wp-block-gallery has-nested-images columns-default is-cropped wp-block-gallery-1 is-layout-flex wp-block-gallery-is-layout-flex\">\n<figure class=\"wp-block-image size-large\"><img loading=\"lazy\" decoding=\"async\" width=\"1024\" height=\"768\" data-id=\"140\" src=\"https:\/\/pleinouest-raidaventure.fr\/wp-content\/uploads\/2024\/04\/IMG-20240426-WA0003-1024x768.jpg\" alt=\"\" class=\"wp-image-140\" srcset=\"https:\/\/pleinouest-raidaventure.fr\/wp-content\/uploads\/2024\/04\/IMG-20240426-WA0003-1024x768.jpg 1024w, https:\/\/pleinouest-raidaventure.fr\/wp-content\/uploads\/2024\/04\/IMG-20240426-WA0003-300x225.jpg 300w, https:\/\/pleinouest-raidaventure.fr\/wp-content\/uploads\/2024\/04\/IMG-20240426-WA0003-768x576.jpg 768w, https:\/\/pleinouest-raidaventure.fr\/wp-content\/uploads\/2024\/04\/IMG-20240426-WA0003-1536x1152.jpg 1536w, https:\/\/pleinouest-raidaventure.fr\/wp-content\/uploads\/2024\/04\/IMG-20240426-WA0003.jpg 1600w\" sizes=\"auto, (max-width: 1024px) 100vw, 1024px\" \/><\/figure>\n\n\n\n<figure class=\"wp-block-image size-large\"><img loading=\"lazy\" decoding=\"async\" width=\"1024\" height=\"768\" data-id=\"139\" src=\"https:\/\/pleinouest-raidaventure.fr\/wp-content\/uploads\/2024\/04\/IMG-20240426-WA0002-1024x768.jpg\" alt=\"\" class=\"wp-image-139\" srcset=\"https:\/\/pleinouest-raidaventure.fr\/wp-content\/uploads\/2024\/04\/IMG-20240426-WA0002-1024x768.jpg 1024w, https:\/\/pleinouest-raidaventure.fr\/wp-content\/uploads\/2024\/04\/IMG-20240426-WA0002-300x225.jpg 300w, https:\/\/pleinouest-raidaventure.fr\/wp-content\/uploads\/2024\/04\/IMG-20240426-WA0002-768x576.jpg 768w, https:\/\/pleinouest-raidaventure.fr\/wp-content\/uploads\/2024\/04\/IMG-20240426-WA0002-1536x1152.jpg 1536w, https:\/\/pleinouest-raidaventure.fr\/wp-content\/uploads\/2024\/04\/IMG-20240426-WA0002.jpg 1600w\" sizes=\"auto, (max-width: 1024px) 100vw, 1024px\" \/><\/figure>\n\n\n\n<figure class=\"wp-block-image size-large\"><img loading=\"lazy\" decoding=\"async\" width=\"1024\" height=\"768\" data-id=\"137\" src=\"https:\/\/pleinouest-raidaventure.fr\/wp-content\/uploads\/2024\/04\/IMG-20240426-WA0000-1024x768.jpg\" alt=\"\" class=\"wp-image-137\" srcset=\"https:\/\/pleinouest-raidaventure.fr\/wp-content\/uploads\/2024\/04\/IMG-20240426-WA0000-1024x768.jpg 1024w, https:\/\/pleinouest-raidaventure.fr\/wp-content\/uploads\/2024\/04\/IMG-20240426-WA0000-300x225.jpg 300w, https:\/\/pleinouest-raidaventure.fr\/wp-content\/uploads\/2024\/04\/IMG-20240426-WA0000-768x576.jpg 768w, https:\/\/pleinouest-raidaventure.fr\/wp-content\/uploads\/2024\/04\/IMG-20240426-WA0000-1536x1152.jpg 1536w, https:\/\/pleinouest-raidaventure.fr\/wp-content\/uploads\/2024\/04\/IMG-20240426-WA0000.jpg 2048w\" sizes=\"auto, (max-width: 1024px) 100vw, 1024px\" \/><\/figure>\n<\/figure>\n\n\n\n<h2 class=\"wp-block-heading has-text-align-center\">Yerres By Night 2025<\/h2>\n\n\n\n<p>Et voil\u00e0, c&rsquo;est d\u00e9j\u00e0 termin\u00e9 !<\/p>\n\n\n\n<p>Nous avons, une fois de plus, pass\u00e9 une super ann\u00e9e \u00e0 organiser cet \u00e9v\u00e8nement, qui nous l&rsquo;esp\u00e9rons vous aura plu.<\/p>\n\n\n\n<p>Les r\u00e9sultats se trouvent dans le lien ci-dessous : <a href=\"https:\/\/www.helloasso.com\/associations\/plein-ouest-raid-aventure\/evenements\/co-nocturne-yerres-by-night-seconde-edition\" target=\"_blank\" rel=\"noreferrer noopener\"><\/a><a href=\"https:\/\/pleinouest-raidaventure.fr\/index.php\/2025\/11\/17\/resultats-yerres-by-night-2025\/\">R\u00e9sultats Yerres By Night 2025 &#8211; Plein Ouest Raid Aventure<\/a><\/p>\n\n\n\n<p>Merci encore \u00e0 tous pour votre participation et on vous dit \u00ab\u00a0\u00e0 bient\u00f4t\u00a0\u00bb<\/p>\n\n\n\n<p>N&rsquo;h\u00e9sitez pas \u00e0 nous faire vos retours sur cet \u00e9v\u00e8nement via le QR code ci-dessous ou via le lien, cela nous permettra de nous am\u00e9liorer.<\/p>\n\n\n\n<figure class=\"wp-block-image aligncenter size-full\"><img loading=\"lazy\" decoding=\"async\" width=\"300\" height=\"295\" src=\"https:\/\/pleinouest-raidaventure.fr\/wp-content\/uploads\/2025\/11\/QR_Code.png\" alt=\"\" class=\"wp-image-388\"\/><\/figure>\n\n\n\n<p><a href=\"https:\/\/docs.google.com\/forms\/d\/e\/1FAIpQLSdHUmxC-sbs2CuQ0umlOdMoXZM6o6hr8Q-nNTef_5PnEbPukw\/viewform\">https:\/\/docs.google.com\/forms\/d\/e\/1FAIpQLSdHUmxC-sbs2CuQ0umlOdMoXZM6o6hr8Q-nNTef_5PnEbPukw\/viewfor<\/a><\/p>\n\n\n\n<p><\/p>\n","protected":false},"excerpt":{"rendered":"<p>Plein Ouest est un club de Raid Aventure qui se situe dans l&rsquo;Essonne. Nous proposons environ un entra\u00eenement par mois et, pour la deuxi\u00e8me ann\u00e9e, nous organisons une comp\u00e9tition de [&hellip;]<\/p>\n","protected":false},"author":1,"featured_media":0,"parent":0,"menu_order":0,"comment_status":"closed","ping_status":"closed","template":"","meta":{"site-sidebar-layout":"default","site-content-layout":"","ast-site-content-layout":"","site-content-style":"default","site-sidebar-style":"default","ast-global-header-display":"","ast-banner-title-visibility":"","ast-main-header-display":"","ast-hfb-above-header-display":"","ast-hfb-below-header-display":"","ast-hfb-mobile-header-display":"","site-post-title":"","ast-breadcrumbs-content":"","ast-featured-img":"","footer-sml-layout":"","theme-transparent-header-meta":"","adv-header-id-meta":"","stick-header-meta":"","header-above-stick-meta":"","header-main-stick-meta":"","header-below-stick-meta":"","astra-migrate-meta-layouts":"default","ast-page-background-enabled":"default","ast-page-background-meta":{"desktop":{"background-color":"var(--ast-global-color-4)","background-image":"","background-repeat":"repeat","background-position":"center center","background-size":"auto","background-attachment":"scroll","background-type":"","background-media":"","overlay-type":"","overlay-color":"","overlay-gradient":""},"tablet":{"background-color":"","background-image":"","background-repeat":"repeat","background-position":"center center","background-size":"auto","background-attachment":"scroll","background-type":"","background-media":"","overlay-type":"","overlay-color":"","overlay-gradient":""},"mobile":{"background-color":"","background-image":"","background-repeat":"repeat","background-position":"center center","background-size":"auto","background-attachment":"scroll","background-type":"","background-media":"","overlay-type":"","overlay-color":"","overlay-gradient":""}},"ast-content-background-meta":{"desktop":{"background-color":"var(--ast-global-color-5)","background-image":"","background-repeat":"repeat","background-position":"center center","background-size":"auto","background-attachment":"scroll","background-type":"","background-media":"","overlay-type":"","overlay-color":"","overlay-gradient":""},"tablet":{"background-color":"var(--ast-global-color-5)","background-image":"","background-repeat":"repeat","background-position":"center center","background-size":"auto","background-attachment":"scroll","background-type":"","background-media":"","overlay-type":"","overlay-color":"","overlay-gradient":""},"mobile":{"background-color":"var(--ast-global-color-5)","background-image":"","background-repeat":"repeat","background-position":"center center","background-size":"auto","background-attachment":"scroll","background-type":"","background-media":"","overlay-type":"","overlay-color":"","overlay-gradient":""}},"footnotes":""},"class_list":["post-7","page","type-page","status-publish","hentry"],"yoast_head":"<!-- This site is optimized with the Yoast SEO plugin v27.5 - https:\/\/yoast.com\/product\/yoast-seo-wordpress\/ -->\n<title>Plein Ouest Raid Aventure - Accueil<\/title>\n<meta name=\"description\" content=\"Plein Ouest Raid Aventure est un club de raid aventure proposant des entra\u00eenement tout les mois dans l&#039;Essonne : orientation \u00e0 pied, en VTT, en cano\u00eb...\" \/>\n<meta name=\"robots\" content=\"index, follow, max-snippet:-1, max-image-preview:large, max-video-preview:-1\" \/>\n<link rel=\"canonical\" href=\"https:\/\/pleinouest-raidaventure.fr\/\" \/>\n<meta property=\"og:locale\" content=\"fr_FR\" \/>\n<meta property=\"og:type\" content=\"article\" \/>\n<meta property=\"og:title\" content=\"Plein Ouest Raid Aventure - Accueil\" \/>\n<meta property=\"og:description\" content=\"Plein Ouest Raid Aventure est un club de raid aventure proposant des entra\u00eenement tout les mois dans l&#039;Essonne : orientation \u00e0 pied, en VTT, en cano\u00eb...\" \/>\n<meta property=\"og:url\" content=\"https:\/\/pleinouest-raidaventure.fr\/\" \/>\n<meta property=\"og:site_name\" content=\"Plein Ouest Raid Aventure\" \/>\n<meta property=\"article:publisher\" content=\"https:\/\/www.facebook.com\/people\/Plein-Ouest-Raid-Aventure\/100063736293664\/?ref=embed_page\" \/>\n<meta property=\"article:modified_time\" content=\"2025-11-19T12:38:00+00:00\" \/>\n<meta property=\"og:image\" content=\"https:\/\/pleinouest-raidaventure.fr\/wp-content\/uploads\/2024\/04\/IMG-20240426-WA0003.jpg\" \/>\n\t<meta property=\"og:image:width\" content=\"1600\" \/>\n\t<meta property=\"og:image:height\" content=\"1200\" \/>\n\t<meta property=\"og:image:type\" content=\"image\/jpeg\" \/>\n<meta name=\"twitter:card\" content=\"summary_large_image\" \/>\n<script type=\"application\/ld+json\" class=\"yoast-schema-graph\">{\"@context\":\"https:\\\/\\\/schema.org\",\"@graph\":[{\"@type\":\"WebPage\",\"@id\":\"https:\\\/\\\/pleinouest-raidaventure.fr\\\/\",\"url\":\"https:\\\/\\\/pleinouest-raidaventure.fr\\\/\",\"name\":\"Plein Ouest Raid Aventure - Accueil\",\"isPartOf\":{\"@id\":\"https:\\\/\\\/pleinouest-raidaventure.fr\\\/#website\"},\"primaryImageOfPage\":{\"@id\":\"https:\\\/\\\/pleinouest-raidaventure.fr\\\/#primaryimage\"},\"image\":{\"@id\":\"https:\\\/\\\/pleinouest-raidaventure.fr\\\/#primaryimage\"},\"thumbnailUrl\":\"https:\\\/\\\/pleinouest-raidaventure.fr\\\/wp-content\\\/uploads\\\/2024\\\/04\\\/IMG-20240426-WA0003-1024x768.jpg\",\"datePublished\":\"2024-04-26T15:05:56+00:00\",\"dateModified\":\"2025-11-19T12:38:00+00:00\",\"description\":\"Plein Ouest Raid Aventure est un club de raid aventure proposant des entra\u00eenement tout les mois dans l'Essonne : orientation \u00e0 pied, en VTT, en cano\u00eb...\",\"breadcrumb\":{\"@id\":\"https:\\\/\\\/pleinouest-raidaventure.fr\\\/#breadcrumb\"},\"inLanguage\":\"fr-FR\",\"potentialAction\":[{\"@type\":\"ReadAction\",\"target\":[\"https:\\\/\\\/pleinouest-raidaventure.fr\\\/\"]}]},{\"@type\":\"ImageObject\",\"inLanguage\":\"fr-FR\",\"@id\":\"https:\\\/\\\/pleinouest-raidaventure.fr\\\/#primaryimage\",\"url\":\"https:\\\/\\\/pleinouest-raidaventure.fr\\\/wp-content\\\/uploads\\\/2024\\\/04\\\/IMG-20240426-WA0003.jpg\",\"contentUrl\":\"https:\\\/\\\/pleinouest-raidaventure.fr\\\/wp-content\\\/uploads\\\/2024\\\/04\\\/IMG-20240426-WA0003.jpg\",\"width\":1600,\"height\":1200},{\"@type\":\"BreadcrumbList\",\"@id\":\"https:\\\/\\\/pleinouest-raidaventure.fr\\\/#breadcrumb\",\"itemListElement\":[{\"@type\":\"ListItem\",\"position\":1,\"name\":\"Accueil\",\"item\":\"https:\\\/\\\/pleinouest-raidaventure.fr\\\/\"},{\"@type\":\"ListItem\",\"position\":2,\"name\":\"Plein Ouest Raid Aventure &#8211; Club de raid en Essonne\"}]},{\"@type\":\"WebSite\",\"@id\":\"https:\\\/\\\/pleinouest-raidaventure.fr\\\/#website\",\"url\":\"https:\\\/\\\/pleinouest-raidaventure.fr\\\/\",\"name\":\"Plein Ouest Raid Aventure\",\"description\":\"Club de raid en Essonne Plein Ouest\",\"publisher\":{\"@id\":\"https:\\\/\\\/pleinouest-raidaventure.fr\\\/#organization\"},\"alternateName\":\"Plein Ouest\",\"potentialAction\":[{\"@type\":\"SearchAction\",\"target\":{\"@type\":\"EntryPoint\",\"urlTemplate\":\"https:\\\/\\\/pleinouest-raidaventure.fr\\\/?s={search_term_string}\"},\"query-input\":{\"@type\":\"PropertyValueSpecification\",\"valueRequired\":true,\"valueName\":\"search_term_string\"}}],\"inLanguage\":\"fr-FR\"},{\"@type\":\"Organization\",\"@id\":\"https:\\\/\\\/pleinouest-raidaventure.fr\\\/#organization\",\"name\":\"Plein Ouest\",\"alternateName\":\"Plein Ouest Raid Aventure\",\"url\":\"https:\\\/\\\/pleinouest-raidaventure.fr\\\/\",\"logo\":{\"@type\":\"ImageObject\",\"inLanguage\":\"fr-FR\",\"@id\":\"https:\\\/\\\/pleinouest-raidaventure.fr\\\/#\\\/schema\\\/logo\\\/image\\\/\",\"url\":\"https:\\\/\\\/pleinouest-raidaventure.fr\\\/wp-content\\\/uploads\\\/2024\\\/04\\\/cropped-Logo-PleinOuest-NO-Raid-Aventure-1_prev_ui-1.png\",\"contentUrl\":\"https:\\\/\\\/pleinouest-raidaventure.fr\\\/wp-content\\\/uploads\\\/2024\\\/04\\\/cropped-Logo-PleinOuest-NO-Raid-Aventure-1_prev_ui-1.png\",\"width\":619,\"height\":403,\"caption\":\"Plein Ouest\"},\"image\":{\"@id\":\"https:\\\/\\\/pleinouest-raidaventure.fr\\\/#\\\/schema\\\/logo\\\/image\\\/\"},\"sameAs\":[\"https:\\\/\\\/www.facebook.com\\\/people\\\/Plein-Ouest-Raid-Aventure\\\/100063736293664\\\/?ref=embed_page\"]}]}<\/script>\n<!-- \/ Yoast SEO plugin. -->","yoast_head_json":{"title":"Plein Ouest Raid Aventure - Accueil","description":"Plein Ouest Raid Aventure est un club de raid aventure proposant des entra\u00eenement tout les mois dans l'Essonne : orientation \u00e0 pied, en VTT, en cano\u00eb...","robots":{"index":"index","follow":"follow","max-snippet":"max-snippet:-1","max-image-preview":"max-image-preview:large","max-video-preview":"max-video-preview:-1"},"canonical":"https:\/\/pleinouest-raidaventure.fr\/","og_locale":"fr_FR","og_type":"article","og_title":"Plein Ouest Raid Aventure - Accueil","og_description":"Plein Ouest Raid Aventure est un club de raid aventure proposant des entra\u00eenement tout les mois dans l'Essonne : orientation \u00e0 pied, en VTT, en cano\u00eb...","og_url":"https:\/\/pleinouest-raidaventure.fr\/","og_site_name":"Plein Ouest Raid Aventure","article_publisher":"https:\/\/www.facebook.com\/people\/Plein-Ouest-Raid-Aventure\/100063736293664\/?ref=embed_page","article_modified_time":"2025-11-19T12:38:00+00:00","og_image":[{"width":1600,"height":1200,"url":"https:\/\/pleinouest-raidaventure.fr\/wp-content\/uploads\/2024\/04\/IMG-20240426-WA0003.jpg","type":"image\/jpeg"}],"twitter_card":"summary_large_image","schema":{"@context":"https:\/\/schema.org","@graph":[{"@type":"WebPage","@id":"https:\/\/pleinouest-raidaventure.fr\/","url":"https:\/\/pleinouest-raidaventure.fr\/","name":"Plein Ouest Raid Aventure - Accueil","isPartOf":{"@id":"https:\/\/pleinouest-raidaventure.fr\/#website"},"primaryImageOfPage":{"@id":"https:\/\/pleinouest-raidaventure.fr\/#primaryimage"},"image":{"@id":"https:\/\/pleinouest-raidaventure.fr\/#primaryimage"},"thumbnailUrl":"https:\/\/pleinouest-raidaventure.fr\/wp-content\/uploads\/2024\/04\/IMG-20240426-WA0003-1024x768.jpg","datePublished":"2024-04-26T15:05:56+00:00","dateModified":"2025-11-19T12:38:00+00:00","description":"Plein Ouest Raid Aventure est un club de raid aventure proposant des entra\u00eenement tout les mois dans l'Essonne : orientation \u00e0 pied, en VTT, en cano\u00eb...","breadcrumb":{"@id":"https:\/\/pleinouest-raidaventure.fr\/#breadcrumb"},"inLanguage":"fr-FR","potentialAction":[{"@type":"ReadAction","target":["https:\/\/pleinouest-raidaventure.fr\/"]}]},{"@type":"ImageObject","inLanguage":"fr-FR","@id":"https:\/\/pleinouest-raidaventure.fr\/#primaryimage","url":"https:\/\/pleinouest-raidaventure.fr\/wp-content\/uploads\/2024\/04\/IMG-20240426-WA0003.jpg","contentUrl":"https:\/\/pleinouest-raidaventure.fr\/wp-content\/uploads\/2024\/04\/IMG-20240426-WA0003.jpg","width":1600,"height":1200},{"@type":"BreadcrumbList","@id":"https:\/\/pleinouest-raidaventure.fr\/#breadcrumb","itemListElement":[{"@type":"ListItem","position":1,"name":"Accueil","item":"https:\/\/pleinouest-raidaventure.fr\/"},{"@type":"ListItem","position":2,"name":"Plein Ouest Raid Aventure &#8211; Club de raid en Essonne"}]},{"@type":"WebSite","@id":"https:\/\/pleinouest-raidaventure.fr\/#website","url":"https:\/\/pleinouest-raidaventure.fr\/","name":"Plein Ouest Raid Aventure","description":"Club de raid en Essonne Plein Ouest","publisher":{"@id":"https:\/\/pleinouest-raidaventure.fr\/#organization"},"alternateName":"Plein Ouest","potentialAction":[{"@type":"SearchAction","target":{"@type":"EntryPoint","urlTemplate":"https:\/\/pleinouest-raidaventure.fr\/?s={search_term_string}"},"query-input":{"@type":"PropertyValueSpecification","valueRequired":true,"valueName":"search_term_string"}}],"inLanguage":"fr-FR"},{"@type":"Organization","@id":"https:\/\/pleinouest-raidaventure.fr\/#organization","name":"Plein Ouest","alternateName":"Plein Ouest Raid Aventure","url":"https:\/\/pleinouest-raidaventure.fr\/","logo":{"@type":"ImageObject","inLanguage":"fr-FR","@id":"https:\/\/pleinouest-raidaventure.fr\/#\/schema\/logo\/image\/","url":"https:\/\/pleinouest-raidaventure.fr\/wp-content\/uploads\/2024\/04\/cropped-Logo-PleinOuest-NO-Raid-Aventure-1_prev_ui-1.png","contentUrl":"https:\/\/pleinouest-raidaventure.fr\/wp-content\/uploads\/2024\/04\/cropped-Logo-PleinOuest-NO-Raid-Aventure-1_prev_ui-1.png","width":619,"height":403,"caption":"Plein Ouest"},"image":{"@id":"https:\/\/pleinouest-raidaventure.fr\/#\/schema\/logo\/image\/"},"sameAs":["https:\/\/www.facebook.com\/people\/Plein-Ouest-Raid-Aventure\/100063736293664\/?ref=embed_page"]}]}},"_links":{"self":[{"href":"https:\/\/pleinouest-raidaventure.fr\/index.php\/wp-json\/wp\/v2\/pages\/7","targetHints":{"allow":["GET"]}}],"collection":[{"href":"https:\/\/pleinouest-raidaventure.fr\/index.php\/wp-json\/wp\/v2\/pages"}],"about":[{"href":"https:\/\/pleinouest-raidaventure.fr\/index.php\/wp-json\/wp\/v2\/types\/page"}],"author":[{"embeddable":true,"href":"https:\/\/pleinouest-raidaventure.fr\/index.php\/wp-json\/wp\/v2\/users\/1"}],"replies":[{"embeddable":true,"href":"https:\/\/pleinouest-raidaventure.fr\/index.php\/wp-json\/wp\/v2\/comments?post=7"}],"version-history":[{"count":46,"href":"https:\/\/pleinouest-raidaventure.fr\/index.php\/wp-json\/wp\/v2\/pages\/7\/revisions"}],"predecessor-version":[{"id":413,"href":"https:\/\/pleinouest-raidaventure.fr\/index.php\/wp-json\/wp\/v2\/pages\/7\/revisions\/413"}],"wp:attachment":[{"href":"https:\/\/pleinouest-raidaventure.fr\/index.php\/wp-json\/wp\/v2\/media?parent=7"}],"curies":[{"name":"wp","href":"https:\/\/api.w.org\/{rel}","templated":true}]}}