{"id":285,"date":"2024-12-16T22:24:38","date_gmt":"2024-12-16T21:24:38","guid":{"rendered":"https:\/\/pleinouest-raidaventure.fr\/?page_id=285"},"modified":"2025-11-19T11:01:21","modified_gmt":"2025-11-19T10:01:21","slug":"yerres-by-night","status":"publish","type":"page","link":"https:\/\/pleinouest-raidaventure.fr\/index.php\/yerres-by-night\/","title":{"rendered":"Pr\u00e9sentation Yerres By Night"},"content":{"rendered":"\n<p>Pour la deuxi\u00e8me ann\u00e9e cons\u00e9cutive, nous avons organis\u00e9 la \u00ab\u00a0Yerres By Night\u00a0\u00bb. Il s&rsquo;agit d&rsquo;une course d&rsquo;orientation nocturne dans la ville de Yerres. Vous avez eu le plaisir de d\u00e9couvrir la ville et les espaces verts environnants \u00e0 la recherche de balises, et tout cela en p\u00e9riode nocturne !!<\/p>\n\n\n\n<p>Au programme, 3 parcours pour tous les profils :<\/p>\n\n\n\n<p><img loading=\"lazy\" decoding=\"async\" height=\"16\" width=\"16\" alt=\"\ud83e\uddd1\u200d\ud83e\uddb0\" src=\"https:\/\/static.xx.fbcdn.net\/images\/emoji.php\/v9\/tdc\/1\/16\/1f9d1_200d_1f9b0.png\"> D\u00e9couverte : D\u00e9butants et familles (enfants accompagn\u00e9s). 15 balises \u00e0 poin\u00e7onner. Non chronom\u00e9tr\u00e9.<\/p>\n\n\n\n<p><img loading=\"lazy\" decoding=\"async\" height=\"16\" width=\"16\" alt=\"\ud83d\udeb6\" src=\"https:\/\/static.xx.fbcdn.net\/images\/emoji.php\/v9\/te2\/1\/16\/1f6b6.png\"> Interm\u00e9diaire : 7 \u00e0 10 km. 30 balises \u00e0 bipper \u00e0 l&rsquo;aide d&rsquo;une puce-doigt. Chronom\u00e9tr\u00e9.<\/p>\n\n\n\n<p><img loading=\"lazy\" decoding=\"async\" height=\"16\" width=\"16\" alt=\"\ud83c\udfc3\u200d\u2640\" src=\"https:\/\/static.xx.fbcdn.net\/images\/emoji.php\/v9\/ta9\/1\/16\/1f3c3_200d_2640.png\"> Confirm\u00e9 : 10 \u00e0 15 km. 40 balises \u00e0 bipper \u00e0 l&rsquo;aide d&rsquo;une puce-doigt. Chronom\u00e9tr\u00e9.<\/p>\n\n\n\n<figure class=\"wp-block-gallery has-nested-images columns-default is-cropped wp-block-gallery-1 is-layout-flex wp-block-gallery-is-layout-flex\">\n<figure class=\"wp-block-image size-large\"><img loading=\"lazy\" decoding=\"async\" width=\"1024\" height=\"768\" data-id=\"400\" src=\"https:\/\/pleinouest-raidaventure.fr\/wp-content\/uploads\/2025\/11\/3027a7f9-e07e-4e83-b049-89b31fdab0ed-1024x768.jpg\" alt=\"\" class=\"wp-image-400\" srcset=\"https:\/\/pleinouest-raidaventure.fr\/wp-content\/uploads\/2025\/11\/3027a7f9-e07e-4e83-b049-89b31fdab0ed-1024x768.jpg 1024w, https:\/\/pleinouest-raidaventure.fr\/wp-content\/uploads\/2025\/11\/3027a7f9-e07e-4e83-b049-89b31fdab0ed-300x225.jpg 300w, https:\/\/pleinouest-raidaventure.fr\/wp-content\/uploads\/2025\/11\/3027a7f9-e07e-4e83-b049-89b31fdab0ed-768x576.jpg 768w, https:\/\/pleinouest-raidaventure.fr\/wp-content\/uploads\/2025\/11\/3027a7f9-e07e-4e83-b049-89b31fdab0ed-1536x1152.jpg 1536w, https:\/\/pleinouest-raidaventure.fr\/wp-content\/uploads\/2025\/11\/3027a7f9-e07e-4e83-b049-89b31fdab0ed.jpg 2000w\" sizes=\"auto, (max-width: 1024px) 100vw, 1024px\" \/><\/figure>\n\n\n\n<figure class=\"wp-block-image size-large\"><img loading=\"lazy\" decoding=\"async\" width=\"577\" height=\"1024\" data-id=\"404\" src=\"https:\/\/pleinouest-raidaventure.fr\/wp-content\/uploads\/2025\/11\/6011a11d-523d-4c4c-a0a0-1480b5b01c10-577x1024.jpg\" alt=\"\" class=\"wp-image-404\" srcset=\"https:\/\/pleinouest-raidaventure.fr\/wp-content\/uploads\/2025\/11\/6011a11d-523d-4c4c-a0a0-1480b5b01c10-577x1024.jpg 577w, https:\/\/pleinouest-raidaventure.fr\/wp-content\/uploads\/2025\/11\/6011a11d-523d-4c4c-a0a0-1480b5b01c10-169x300.jpg 169w, https:\/\/pleinouest-raidaventure.fr\/wp-content\/uploads\/2025\/11\/6011a11d-523d-4c4c-a0a0-1480b5b01c10-768x1364.jpg 768w, https:\/\/pleinouest-raidaventure.fr\/wp-content\/uploads\/2025\/11\/6011a11d-523d-4c4c-a0a0-1480b5b01c10-865x1536.jpg 865w, https:\/\/pleinouest-raidaventure.fr\/wp-content\/uploads\/2025\/11\/6011a11d-523d-4c4c-a0a0-1480b5b01c10.jpg 1153w\" sizes=\"auto, (max-width: 577px) 100vw, 577px\" \/><\/figure>\n\n\n\n<figure class=\"wp-block-image size-large\"><img loading=\"lazy\" decoding=\"async\" width=\"577\" height=\"1024\" data-id=\"405\" src=\"https:\/\/pleinouest-raidaventure.fr\/wp-content\/uploads\/2025\/11\/bc935e40-dd00-465b-96e4-1d0a59b561c2-577x1024.jpg\" alt=\"\" class=\"wp-image-405\" srcset=\"https:\/\/pleinouest-raidaventure.fr\/wp-content\/uploads\/2025\/11\/bc935e40-dd00-465b-96e4-1d0a59b561c2-577x1024.jpg 577w, https:\/\/pleinouest-raidaventure.fr\/wp-content\/uploads\/2025\/11\/bc935e40-dd00-465b-96e4-1d0a59b561c2-169x300.jpg 169w, https:\/\/pleinouest-raidaventure.fr\/wp-content\/uploads\/2025\/11\/bc935e40-dd00-465b-96e4-1d0a59b561c2-768x1364.jpg 768w, https:\/\/pleinouest-raidaventure.fr\/wp-content\/uploads\/2025\/11\/bc935e40-dd00-465b-96e4-1d0a59b561c2-865x1536.jpg 865w, https:\/\/pleinouest-raidaventure.fr\/wp-content\/uploads\/2025\/11\/bc935e40-dd00-465b-96e4-1d0a59b561c2.jpg 1153w\" sizes=\"auto, (max-width: 577px) 100vw, 577px\" \/><\/figure>\n\n\n\n<figure class=\"wp-block-image size-large\"><img loading=\"lazy\" decoding=\"async\" width=\"1024\" height=\"577\" data-id=\"402\" src=\"https:\/\/pleinouest-raidaventure.fr\/wp-content\/uploads\/2025\/11\/d13a0700-a447-4b0f-ac08-fbb0ad3667eb-1024x577.jpg\" alt=\"\" class=\"wp-image-402\" srcset=\"https:\/\/pleinouest-raidaventure.fr\/wp-content\/uploads\/2025\/11\/d13a0700-a447-4b0f-ac08-fbb0ad3667eb-1024x577.jpg 1024w, https:\/\/pleinouest-raidaventure.fr\/wp-content\/uploads\/2025\/11\/d13a0700-a447-4b0f-ac08-fbb0ad3667eb-300x169.jpg 300w, https:\/\/pleinouest-raidaventure.fr\/wp-content\/uploads\/2025\/11\/d13a0700-a447-4b0f-ac08-fbb0ad3667eb-768x432.jpg 768w, https:\/\/pleinouest-raidaventure.fr\/wp-content\/uploads\/2025\/11\/d13a0700-a447-4b0f-ac08-fbb0ad3667eb-1536x865.jpg 1536w, https:\/\/pleinouest-raidaventure.fr\/wp-content\/uploads\/2025\/11\/d13a0700-a447-4b0f-ac08-fbb0ad3667eb.jpg 2000w\" sizes=\"auto, (max-width: 1024px) 100vw, 1024px\" \/><\/figure>\n\n\n\n<figure class=\"wp-block-image size-large\"><img loading=\"lazy\" decoding=\"async\" width=\"1024\" height=\"768\" data-id=\"403\" src=\"https:\/\/pleinouest-raidaventure.fr\/wp-content\/uploads\/2025\/11\/01284c2a-1461-4a58-a337-d905243790f2-1024x768.jpg\" alt=\"\" class=\"wp-image-403\" srcset=\"https:\/\/pleinouest-raidaventure.fr\/wp-content\/uploads\/2025\/11\/01284c2a-1461-4a58-a337-d905243790f2-1024x768.jpg 1024w, https:\/\/pleinouest-raidaventure.fr\/wp-content\/uploads\/2025\/11\/01284c2a-1461-4a58-a337-d905243790f2-300x225.jpg 300w, https:\/\/pleinouest-raidaventure.fr\/wp-content\/uploads\/2025\/11\/01284c2a-1461-4a58-a337-d905243790f2-768x576.jpg 768w, https:\/\/pleinouest-raidaventure.fr\/wp-content\/uploads\/2025\/11\/01284c2a-1461-4a58-a337-d905243790f2-1536x1152.jpg 1536w, https:\/\/pleinouest-raidaventure.fr\/wp-content\/uploads\/2025\/11\/01284c2a-1461-4a58-a337-d905243790f2.jpg 1600w\" sizes=\"auto, (max-width: 1024px) 100vw, 1024px\" \/><\/figure>\n\n\n\n<figure class=\"wp-block-image size-large\"><img loading=\"lazy\" decoding=\"async\" width=\"1024\" height=\"768\" data-id=\"401\" src=\"https:\/\/pleinouest-raidaventure.fr\/wp-content\/uploads\/2025\/11\/21338922-cd19-4af0-83cc-3fd1db6f8d09-1024x768.jpg\" alt=\"\" class=\"wp-image-401\" srcset=\"https:\/\/pleinouest-raidaventure.fr\/wp-content\/uploads\/2025\/11\/21338922-cd19-4af0-83cc-3fd1db6f8d09-1024x768.jpg 1024w, https:\/\/pleinouest-raidaventure.fr\/wp-content\/uploads\/2025\/11\/21338922-cd19-4af0-83cc-3fd1db6f8d09-300x225.jpg 300w, https:\/\/pleinouest-raidaventure.fr\/wp-content\/uploads\/2025\/11\/21338922-cd19-4af0-83cc-3fd1db6f8d09-768x576.jpg 768w, https:\/\/pleinouest-raidaventure.fr\/wp-content\/uploads\/2025\/11\/21338922-cd19-4af0-83cc-3fd1db6f8d09-1536x1152.jpg 1536w, https:\/\/pleinouest-raidaventure.fr\/wp-content\/uploads\/2025\/11\/21338922-cd19-4af0-83cc-3fd1db6f8d09.jpg 1600w\" sizes=\"auto, (max-width: 1024px) 100vw, 1024px\" \/><\/figure>\n\n\n\n<figure class=\"wp-block-image size-large\"><img loading=\"lazy\" decoding=\"async\" width=\"1024\" height=\"768\" data-id=\"407\" src=\"https:\/\/pleinouest-raidaventure.fr\/wp-content\/uploads\/2025\/11\/00726cd7-ecaf-4a97-a4ac-484abe7c2cdc-1024x768.jpg\" alt=\"\" class=\"wp-image-407\" srcset=\"https:\/\/pleinouest-raidaventure.fr\/wp-content\/uploads\/2025\/11\/00726cd7-ecaf-4a97-a4ac-484abe7c2cdc-1024x768.jpg 1024w, https:\/\/pleinouest-raidaventure.fr\/wp-content\/uploads\/2025\/11\/00726cd7-ecaf-4a97-a4ac-484abe7c2cdc-300x225.jpg 300w, https:\/\/pleinouest-raidaventure.fr\/wp-content\/uploads\/2025\/11\/00726cd7-ecaf-4a97-a4ac-484abe7c2cdc-768x576.jpg 768w, https:\/\/pleinouest-raidaventure.fr\/wp-content\/uploads\/2025\/11\/00726cd7-ecaf-4a97-a4ac-484abe7c2cdc-1536x1152.jpg 1536w, https:\/\/pleinouest-raidaventure.fr\/wp-content\/uploads\/2025\/11\/00726cd7-ecaf-4a97-a4ac-484abe7c2cdc.jpg 1600w\" sizes=\"auto, (max-width: 1024px) 100vw, 1024px\" \/><\/figure>\n\n\n\n<figure class=\"wp-block-image size-large\"><img loading=\"lazy\" decoding=\"async\" width=\"768\" height=\"1024\" data-id=\"406\" src=\"https:\/\/pleinouest-raidaventure.fr\/wp-content\/uploads\/2025\/11\/9f6b0345-f92e-45ea-8e0e-8e96a3fd84a7-768x1024.jpg\" alt=\"\" class=\"wp-image-406\" srcset=\"https:\/\/pleinouest-raidaventure.fr\/wp-content\/uploads\/2025\/11\/9f6b0345-f92e-45ea-8e0e-8e96a3fd84a7-768x1024.jpg 768w, https:\/\/pleinouest-raidaventure.fr\/wp-content\/uploads\/2025\/11\/9f6b0345-f92e-45ea-8e0e-8e96a3fd84a7-225x300.jpg 225w, https:\/\/pleinouest-raidaventure.fr\/wp-content\/uploads\/2025\/11\/9f6b0345-f92e-45ea-8e0e-8e96a3fd84a7-1152x1536.jpg 1152w, https:\/\/pleinouest-raidaventure.fr\/wp-content\/uploads\/2025\/11\/9f6b0345-f92e-45ea-8e0e-8e96a3fd84a7.jpg 1536w\" sizes=\"auto, (max-width: 768px) 100vw, 768px\" \/><\/figure>\n<\/figure>\n","protected":false},"excerpt":{"rendered":"<p>Pour la deuxi\u00e8me ann\u00e9e cons\u00e9cutive, nous avons organis\u00e9 la \u00ab\u00a0Yerres By Night\u00a0\u00bb. Il s&rsquo;agit d&rsquo;une course d&rsquo;orientation nocturne dans la ville de Yerres. Vous avez eu le plaisir de d\u00e9couvrir [&hellip;]<\/p>\n","protected":false},"author":1,"featured_media":0,"parent":0,"menu_order":0,"comment_status":"closed","ping_status":"closed","template":"","meta":{"site-sidebar-layout":"default","site-content-layout":"","ast-site-content-layout":"","site-content-style":"default","site-sidebar-style":"default","ast-global-header-display":"","ast-banner-title-visibility":"","ast-main-header-display":"","ast-hfb-above-header-display":"","ast-hfb-below-header-display":"","ast-hfb-mobile-header-display":"","site-post-title":"","ast-breadcrumbs-content":"","ast-featured-img":"","footer-sml-layout":"","theme-transparent-header-meta":"","adv-header-id-meta":"","stick-header-meta":"","header-above-stick-meta":"","header-main-stick-meta":"","header-below-stick-meta":"","astra-migrate-meta-layouts":"default","ast-page-background-enabled":"default","ast-page-background-meta":{"desktop":{"background-color":"var(--ast-global-color-4)","background-image":"","background-repeat":"repeat","background-position":"center center","background-size":"auto","background-attachment":"scroll","background-type":"","background-media":"","overlay-type":"","overlay-color":"","overlay-gradient":""},"tablet":{"background-color":"","background-image":"","background-repeat":"repeat","background-position":"center center","background-size":"auto","background-attachment":"scroll","background-type":"","background-media":"","overlay-type":"","overlay-color":"","overlay-gradient":""},"mobile":{"background-color":"","background-image":"","background-repeat":"repeat","background-position":"center center","background-size":"auto","background-attachment":"scroll","background-type":"","background-media":"","overlay-type":"","overlay-color":"","overlay-gradient":""}},"ast-content-background-meta":{"desktop":{"background-color":"var(--ast-global-color-5)","background-image":"","background-repeat":"repeat","background-position":"center center","background-size":"auto","background-attachment":"scroll","background-type":"","background-media":"","overlay-type":"","overlay-color":"","overlay-gradient":""},"tablet":{"background-color":"var(--ast-global-color-5)","background-image":"","background-repeat":"repeat","background-position":"center center","background-size":"auto","background-attachment":"scroll","background-type":"","background-media":"","overlay-type":"","overlay-color":"","overlay-gradient":""},"mobile":{"background-color":"var(--ast-global-color-5)","background-image":"","background-repeat":"repeat","background-position":"center center","background-size":"auto","background-attachment":"scroll","background-type":"","background-media":"","overlay-type":"","overlay-color":"","overlay-gradient":""}},"footnotes":""},"class_list":["post-285","page","type-page","status-publish","hentry"],"yoast_head":"<!-- This site is optimized with the Yoast SEO plugin v27.3 - https:\/\/yoast.com\/product\/yoast-seo-wordpress\/ -->\n<title>Plein Ouest Raid Aventure - Yerres By Night<\/title>\n<meta name=\"description\" content=\"Pour la deuxi\u00e8me ann\u00e9e cons\u00e9cutive, nous avons organis\u00e9 la &quot;Yerres By Night&quot;. Il s&#039;agit d&#039;une course d&#039;orientation nocturne.\" \/>\n<meta name=\"robots\" content=\"index, follow, max-snippet:-1, max-image-preview:large, max-video-preview:-1\" \/>\n<link rel=\"canonical\" href=\"https:\/\/pleinouest-raidaventure.fr\/index.php\/yerres-by-night\/\" \/>\n<meta property=\"og:locale\" content=\"fr_FR\" \/>\n<meta property=\"og:type\" content=\"article\" \/>\n<meta property=\"og:title\" content=\"Plein Ouest Raid Aventure - Yerres By Night\" \/>\n<meta property=\"og:description\" content=\"Pour la deuxi\u00e8me ann\u00e9e cons\u00e9cutive, nous avons organis\u00e9 la &quot;Yerres By Night&quot;. Il s&#039;agit d&#039;une course d&#039;orientation nocturne.\" \/>\n<meta property=\"og:url\" content=\"https:\/\/pleinouest-raidaventure.fr\/index.php\/yerres-by-night\/\" \/>\n<meta property=\"og:site_name\" content=\"Plein Ouest Raid Aventure\" \/>\n<meta property=\"article:publisher\" content=\"https:\/\/www.facebook.com\/people\/Plein-Ouest-Raid-Aventure\/100063736293664\/?ref=embed_page\" \/>\n<meta property=\"article:modified_time\" content=\"2025-11-19T10:01:21+00:00\" \/>\n<meta property=\"og:image\" content=\"https:\/\/static.xx.fbcdn.net\/images\/emoji.php\/v9\/tdc\/1\/16\/1f9d1_200d_1f9b0.png\" \/>\n<meta name=\"twitter:card\" content=\"summary_large_image\" \/>\n<meta name=\"twitter:label1\" content=\"Dur\u00e9e de lecture estim\u00e9e\" \/>\n\t<meta name=\"twitter:data1\" content=\"3 minutes\" \/>\n<script type=\"application\/ld+json\" class=\"yoast-schema-graph\">{\"@context\":\"https:\\\/\\\/schema.org\",\"@graph\":[{\"@type\":\"WebPage\",\"@id\":\"https:\\\/\\\/pleinouest-raidaventure.fr\\\/index.php\\\/yerres-by-night\\\/\",\"url\":\"https:\\\/\\\/pleinouest-raidaventure.fr\\\/index.php\\\/yerres-by-night\\\/\",\"name\":\"Plein Ouest Raid Aventure - Yerres By Night\",\"isPartOf\":{\"@id\":\"https:\\\/\\\/pleinouest-raidaventure.fr\\\/#website\"},\"primaryImageOfPage\":{\"@id\":\"https:\\\/\\\/pleinouest-raidaventure.fr\\\/index.php\\\/yerres-by-night\\\/#primaryimage\"},\"image\":{\"@id\":\"https:\\\/\\\/pleinouest-raidaventure.fr\\\/index.php\\\/yerres-by-night\\\/#primaryimage\"},\"thumbnailUrl\":\"https:\\\/\\\/static.xx.fbcdn.net\\\/images\\\/emoji.php\\\/v9\\\/tdc\\\/1\\\/16\\\/1f9d1_200d_1f9b0.png\",\"datePublished\":\"2024-12-16T21:24:38+00:00\",\"dateModified\":\"2025-11-19T10:01:21+00:00\",\"description\":\"Pour la deuxi\u00e8me ann\u00e9e cons\u00e9cutive, nous avons organis\u00e9 la \\\"Yerres By Night\\\". Il s'agit d'une course d'orientation nocturne.\",\"breadcrumb\":{\"@id\":\"https:\\\/\\\/pleinouest-raidaventure.fr\\\/index.php\\\/yerres-by-night\\\/#breadcrumb\"},\"inLanguage\":\"fr-FR\",\"potentialAction\":[{\"@type\":\"ReadAction\",\"target\":[\"https:\\\/\\\/pleinouest-raidaventure.fr\\\/index.php\\\/yerres-by-night\\\/\"]}]},{\"@type\":\"ImageObject\",\"inLanguage\":\"fr-FR\",\"@id\":\"https:\\\/\\\/pleinouest-raidaventure.fr\\\/index.php\\\/yerres-by-night\\\/#primaryimage\",\"url\":\"https:\\\/\\\/static.xx.fbcdn.net\\\/images\\\/emoji.php\\\/v9\\\/tdc\\\/1\\\/16\\\/1f9d1_200d_1f9b0.png\",\"contentUrl\":\"https:\\\/\\\/static.xx.fbcdn.net\\\/images\\\/emoji.php\\\/v9\\\/tdc\\\/1\\\/16\\\/1f9d1_200d_1f9b0.png\"},{\"@type\":\"BreadcrumbList\",\"@id\":\"https:\\\/\\\/pleinouest-raidaventure.fr\\\/index.php\\\/yerres-by-night\\\/#breadcrumb\",\"itemListElement\":[{\"@type\":\"ListItem\",\"position\":1,\"name\":\"Accueil\",\"item\":\"https:\\\/\\\/pleinouest-raidaventure.fr\\\/\"},{\"@type\":\"ListItem\",\"position\":2,\"name\":\"Pr\u00e9sentation Yerres By Night\"}]},{\"@type\":\"WebSite\",\"@id\":\"https:\\\/\\\/pleinouest-raidaventure.fr\\\/#website\",\"url\":\"https:\\\/\\\/pleinouest-raidaventure.fr\\\/\",\"name\":\"Plein Ouest Raid Aventure\",\"description\":\"Club de raid en Essonne Plein Ouest\",\"publisher\":{\"@id\":\"https:\\\/\\\/pleinouest-raidaventure.fr\\\/#organization\"},\"alternateName\":\"Plein Ouest\",\"potentialAction\":[{\"@type\":\"SearchAction\",\"target\":{\"@type\":\"EntryPoint\",\"urlTemplate\":\"https:\\\/\\\/pleinouest-raidaventure.fr\\\/?s={search_term_string}\"},\"query-input\":{\"@type\":\"PropertyValueSpecification\",\"valueRequired\":true,\"valueName\":\"search_term_string\"}}],\"inLanguage\":\"fr-FR\"},{\"@type\":\"Organization\",\"@id\":\"https:\\\/\\\/pleinouest-raidaventure.fr\\\/#organization\",\"name\":\"Plein Ouest\",\"alternateName\":\"Plein Ouest Raid Aventure\",\"url\":\"https:\\\/\\\/pleinouest-raidaventure.fr\\\/\",\"logo\":{\"@type\":\"ImageObject\",\"inLanguage\":\"fr-FR\",\"@id\":\"https:\\\/\\\/pleinouest-raidaventure.fr\\\/#\\\/schema\\\/logo\\\/image\\\/\",\"url\":\"https:\\\/\\\/pleinouest-raidaventure.fr\\\/wp-content\\\/uploads\\\/2024\\\/04\\\/cropped-Logo-PleinOuest-NO-Raid-Aventure-1_prev_ui-1.png\",\"contentUrl\":\"https:\\\/\\\/pleinouest-raidaventure.fr\\\/wp-content\\\/uploads\\\/2024\\\/04\\\/cropped-Logo-PleinOuest-NO-Raid-Aventure-1_prev_ui-1.png\",\"width\":619,\"height\":403,\"caption\":\"Plein Ouest\"},\"image\":{\"@id\":\"https:\\\/\\\/pleinouest-raidaventure.fr\\\/#\\\/schema\\\/logo\\\/image\\\/\"},\"sameAs\":[\"https:\\\/\\\/www.facebook.com\\\/people\\\/Plein-Ouest-Raid-Aventure\\\/100063736293664\\\/?ref=embed_page\"]}]}<\/script>\n<!-- \/ Yoast SEO plugin. -->","yoast_head_json":{"title":"Plein Ouest Raid Aventure - Yerres By Night","description":"Pour la deuxi\u00e8me ann\u00e9e cons\u00e9cutive, nous avons organis\u00e9 la \"Yerres By Night\". Il s'agit d'une course d'orientation nocturne.","robots":{"index":"index","follow":"follow","max-snippet":"max-snippet:-1","max-image-preview":"max-image-preview:large","max-video-preview":"max-video-preview:-1"},"canonical":"https:\/\/pleinouest-raidaventure.fr\/index.php\/yerres-by-night\/","og_locale":"fr_FR","og_type":"article","og_title":"Plein Ouest Raid Aventure - Yerres By Night","og_description":"Pour la deuxi\u00e8me ann\u00e9e cons\u00e9cutive, nous avons organis\u00e9 la \"Yerres By Night\". Il s'agit d'une course d'orientation nocturne.","og_url":"https:\/\/pleinouest-raidaventure.fr\/index.php\/yerres-by-night\/","og_site_name":"Plein Ouest Raid Aventure","article_publisher":"https:\/\/www.facebook.com\/people\/Plein-Ouest-Raid-Aventure\/100063736293664\/?ref=embed_page","article_modified_time":"2025-11-19T10:01:21+00:00","og_image":[{"url":"https:\/\/static.xx.fbcdn.net\/images\/emoji.php\/v9\/tdc\/1\/16\/1f9d1_200d_1f9b0.png","type":"","width":"","height":""}],"twitter_card":"summary_large_image","twitter_misc":{"Dur\u00e9e de lecture estim\u00e9e":"3 minutes"},"schema":{"@context":"https:\/\/schema.org","@graph":[{"@type":"WebPage","@id":"https:\/\/pleinouest-raidaventure.fr\/index.php\/yerres-by-night\/","url":"https:\/\/pleinouest-raidaventure.fr\/index.php\/yerres-by-night\/","name":"Plein Ouest Raid Aventure - Yerres By Night","isPartOf":{"@id":"https:\/\/pleinouest-raidaventure.fr\/#website"},"primaryImageOfPage":{"@id":"https:\/\/pleinouest-raidaventure.fr\/index.php\/yerres-by-night\/#primaryimage"},"image":{"@id":"https:\/\/pleinouest-raidaventure.fr\/index.php\/yerres-by-night\/#primaryimage"},"thumbnailUrl":"https:\/\/static.xx.fbcdn.net\/images\/emoji.php\/v9\/tdc\/1\/16\/1f9d1_200d_1f9b0.png","datePublished":"2024-12-16T21:24:38+00:00","dateModified":"2025-11-19T10:01:21+00:00","description":"Pour la deuxi\u00e8me ann\u00e9e cons\u00e9cutive, nous avons organis\u00e9 la \"Yerres By Night\". Il s'agit d'une course d'orientation nocturne.","breadcrumb":{"@id":"https:\/\/pleinouest-raidaventure.fr\/index.php\/yerres-by-night\/#breadcrumb"},"inLanguage":"fr-FR","potentialAction":[{"@type":"ReadAction","target":["https:\/\/pleinouest-raidaventure.fr\/index.php\/yerres-by-night\/"]}]},{"@type":"ImageObject","inLanguage":"fr-FR","@id":"https:\/\/pleinouest-raidaventure.fr\/index.php\/yerres-by-night\/#primaryimage","url":"https:\/\/static.xx.fbcdn.net\/images\/emoji.php\/v9\/tdc\/1\/16\/1f9d1_200d_1f9b0.png","contentUrl":"https:\/\/static.xx.fbcdn.net\/images\/emoji.php\/v9\/tdc\/1\/16\/1f9d1_200d_1f9b0.png"},{"@type":"BreadcrumbList","@id":"https:\/\/pleinouest-raidaventure.fr\/index.php\/yerres-by-night\/#breadcrumb","itemListElement":[{"@type":"ListItem","position":1,"name":"Accueil","item":"https:\/\/pleinouest-raidaventure.fr\/"},{"@type":"ListItem","position":2,"name":"Pr\u00e9sentation Yerres By Night"}]},{"@type":"WebSite","@id":"https:\/\/pleinouest-raidaventure.fr\/#website","url":"https:\/\/pleinouest-raidaventure.fr\/","name":"Plein Ouest Raid Aventure","description":"Club de raid en Essonne Plein Ouest","publisher":{"@id":"https:\/\/pleinouest-raidaventure.fr\/#organization"},"alternateName":"Plein Ouest","potentialAction":[{"@type":"SearchAction","target":{"@type":"EntryPoint","urlTemplate":"https:\/\/pleinouest-raidaventure.fr\/?s={search_term_string}"},"query-input":{"@type":"PropertyValueSpecification","valueRequired":true,"valueName":"search_term_string"}}],"inLanguage":"fr-FR"},{"@type":"Organization","@id":"https:\/\/pleinouest-raidaventure.fr\/#organization","name":"Plein Ouest","alternateName":"Plein Ouest Raid Aventure","url":"https:\/\/pleinouest-raidaventure.fr\/","logo":{"@type":"ImageObject","inLanguage":"fr-FR","@id":"https:\/\/pleinouest-raidaventure.fr\/#\/schema\/logo\/image\/","url":"https:\/\/pleinouest-raidaventure.fr\/wp-content\/uploads\/2024\/04\/cropped-Logo-PleinOuest-NO-Raid-Aventure-1_prev_ui-1.png","contentUrl":"https:\/\/pleinouest-raidaventure.fr\/wp-content\/uploads\/2024\/04\/cropped-Logo-PleinOuest-NO-Raid-Aventure-1_prev_ui-1.png","width":619,"height":403,"caption":"Plein Ouest"},"image":{"@id":"https:\/\/pleinouest-raidaventure.fr\/#\/schema\/logo\/image\/"},"sameAs":["https:\/\/www.facebook.com\/people\/Plein-Ouest-Raid-Aventure\/100063736293664\/?ref=embed_page"]}]}},"_links":{"self":[{"href":"https:\/\/pleinouest-raidaventure.fr\/index.php\/wp-json\/wp\/v2\/pages\/285","targetHints":{"allow":["GET"]}}],"collection":[{"href":"https:\/\/pleinouest-raidaventure.fr\/index.php\/wp-json\/wp\/v2\/pages"}],"about":[{"href":"https:\/\/pleinouest-raidaventure.fr\/index.php\/wp-json\/wp\/v2\/types\/page"}],"author":[{"embeddable":true,"href":"https:\/\/pleinouest-raidaventure.fr\/index.php\/wp-json\/wp\/v2\/users\/1"}],"replies":[{"embeddable":true,"href":"https:\/\/pleinouest-raidaventure.fr\/index.php\/wp-json\/wp\/v2\/comments?post=285"}],"version-history":[{"count":4,"href":"https:\/\/pleinouest-raidaventure.fr\/index.php\/wp-json\/wp\/v2\/pages\/285\/revisions"}],"predecessor-version":[{"id":408,"href":"https:\/\/pleinouest-raidaventure.fr\/index.php\/wp-json\/wp\/v2\/pages\/285\/revisions\/408"}],"wp:attachment":[{"href":"https:\/\/pleinouest-raidaventure.fr\/index.php\/wp-json\/wp\/v2\/media?parent=285"}],"curies":[{"name":"wp","href":"https:\/\/api.w.org\/{rel}","templated":true}]}}