{"id":163,"date":"2024-04-27T21:27:44","date_gmt":"2024-04-27T19:27:44","guid":{"rendered":"http:\/\/pleinouest-raidaventure.fr\/?page_id=163"},"modified":"2025-09-10T11:52:39","modified_gmt":"2025-09-10T09:52:39","slug":"adhesion-pleinouest","status":"publish","type":"page","link":"https:\/\/pleinouest-raidaventure.fr\/index.php\/adhesion-pleinouest\/","title":{"rendered":"Adh\u00e9sion"},"content":{"rendered":"\n<p>Pour les nouveaux adh\u00e9rents, la licence FFCO n&rsquo;est pas obligatoire la premi\u00e8re ann\u00e9e. Cependant, le fait de prendre une licence est important pour la vie de l&rsquo;association puisque plus l&rsquo;association comptera de licenci\u00e9s, plus elle pourra pr\u00e9tendre \u00e0 l&rsquo;obtention de subventions.<\/p>\n\n\n\n<p><strong>Voici les 3 licences principales :<\/strong><\/p>\n\n\n\n<p><strong>La licence loisir sant\u00e9&nbsp;<\/strong>vous permet de participer \u00e0 des activit\u00e9s non comp\u00e9titives. Ce sont des activit\u00e9s sans classement se d\u00e9roulant de fa\u00e7on autonome ou de fa\u00e7on totalement s\u00e9par\u00e9e d\u2019activit\u00e9s comp\u00e9titives pouvant se d\u00e9rouler simultan\u00e9ment lors d\u2019une manifestation sportive.<br><strong>Le passage d\u2019une licence loisir sant\u00e9 \u00e0 une licence comp\u00e9tition ou d\u00e9couverte comp\u00e9tition est possible en cours d\u2019ann\u00e9e.<\/strong><\/p>\n\n\n\n<p><strong>La licence annuelle d\u00e9couverte comp\u00e9tition<\/strong> vous permet de courir sur les courses r\u00e9gionales et d\u00e9partementales,&nbsp; mais uniquement sur &nbsp;les <a href=\"http:\/\/www.ffcorientation.fr\/decouvrir\/comment\/\">circuits de couleurs<\/a> jusqu\u2019au niveau jaune.<br><strong>Le passage d\u2019une licence d\u00e9couverte comp\u00e9tition \u00e0 une licence comp\u00e9tition est possible en cours d\u2019ann\u00e9e.<\/strong><\/p>\n\n\n\n<p><strong>La licence annuelle comp\u00e9tition <\/strong>vous permet de courir sur toutes les courses organis\u00e9es en France, des championnats nationaux aux courses r\u00e9gionales et d\u00e9partementales (selon votre \u00e2ge) et d\u2019avoir vos r\u00e9sultats enregistr\u00e9s au classement national (pour les courses inscrites au classement national).<\/p>\n\n\n\n<p>Pour plus d&rsquo;informations sur les licences, rendez-vous sur le <a href=\"https:\/\/www.ffcorientation.fr\/licencie\/clubs\/licences\/\">site de la FFCO<\/a><\/p>\n\n\n\n<p><\/p>\n\n\n\n<p><strong>Important:<\/strong><\/p>\n\n\n\n<p><strong>Pour les adultes:<\/strong> Depuis le 1er septembre 2022, la prise d\u2019une licence FFCO ou son renouvellement ne sera plus subordonn\u00e9 \u00e0 un certificat m\u00e9dical. Il sera demand\u00e9 la signature d\u2019une attestation indiquant:<\/p>\n\n\n\n<ol class=\"wp-block-list\">\n<li>Qu\u2019elle a rempli le questionnaire de sant\u00e9 f\u00e9d\u00e9ral et pris les dispositions m\u00e9dicales n\u00e9cessaires si besoin.<\/li>\n\n\n\n<li>Et qu\u2019elle a pris connaissance et appliquera les 10 r\u00e8gles d\u2019or \u00e9dit\u00e9es par le club des cardiologues.<\/li>\n<\/ol>\n\n\n\n<p><strong>Pour les mineurs:<\/strong> les r\u00e8gles ne changent pas. Pas de certificat m\u00e9dical mais le questionnaire sant\u00e9 \u00e0 remplir tous les ans.<\/p>\n\n\n\n<p><strong>Documents n\u00e9cessaires pour l&rsquo;inscription :<\/strong><\/p>\n\n\n\n<p>Bulletin d&rsquo;adh\u00e9sion :<\/p>\n\n\n\n<div class=\"wp-block-buttons is-layout-flex wp-block-buttons-is-layout-flex\">\n<div class=\"wp-block-button\"><a class=\"wp-block-button__link wp-element-button\" href=\"https:\/\/pleinouest-raidaventure.fr\/wp-content\/uploads\/2025\/09\/ADHESION-PO-2025-2026.pdf\" target=\"_blank\" rel=\"noreferrer noopener\">Bulletin d&rsquo;adh\u00e9sion pdf<\/a><\/div>\n<\/div>\n\n\n\n<p><\/p>\n\n\n\n<p>Licence FFCO :<\/p>\n\n\n\n<div class=\"wp-block-buttons is-layout-flex wp-block-buttons-is-layout-flex\">\n<div class=\"wp-block-button\"><a class=\"wp-block-button__link wp-element-button\" href=\"https:\/\/pleinouest-raidaventure.fr\/wp-content\/uploads\/2025\/09\/10REGLESDOR.pdf\" target=\"_blank\" rel=\"noreferrer noopener\">10 r\u00e8gles d&rsquo;or<\/a><\/div>\n\n\n\n<div class=\"wp-block-button\"><a class=\"wp-block-button__link wp-element-button\" href=\"https:\/\/pleinouest-raidaventure.fr\/wp-content\/uploads\/2025\/09\/bulletin_adhesion_Ed.04.12.2024.pdf\" target=\"_blank\" rel=\"noreferrer noopener\">Bulletin d&rsquo;adh\u00e9sion FFCO<\/a><\/div>\n\n\n\n<div class=\"wp-block-button\"><a class=\"wp-block-button__link wp-element-button\" href=\"https:\/\/pleinouest-raidaventure.fr\/wp-content\/uploads\/2025\/09\/questionnaire_de_sante_FFCO.pdf\" target=\"_blank\" rel=\"noreferrer noopener\">Questionnaire de sant\u00e9 FFCO<\/a><\/div>\n\n\n\n<div class=\"wp-block-button\"><a class=\"wp-block-button__link wp-element-button\" href=\"https:\/\/pleinouest-raidaventure.fr\/wp-content\/uploads\/2025\/09\/questionnaire_sante_sportif_mineur.pdf\" target=\"_blank\" rel=\"noreferrer noopener\">Questionnaire de sant\u00e9 mineur<\/a><\/div>\n<\/div>\n\n\n\n<p><\/p>\n\n\n\n<div class=\"wp-block-buttons is-layout-flex wp-block-buttons-is-layout-flex\">\n<div class=\"wp-block-button\"><a class=\"wp-block-button__link wp-element-button\" href=\"https:\/\/pleinouest-raidaventure.fr\/wp-content\/uploads\/2025\/09\/certificat_medical_mineurs.pdf\" target=\"_blank\" rel=\"noreferrer noopener\">Certificat M\u00e9dical pour les Mineurs<\/a><\/div>\n<\/div>\n\n\n\n<p><\/p>\n","protected":false},"excerpt":{"rendered":"<p>Pour les nouveaux adh\u00e9rents, la licence FFCO n&rsquo;est pas obligatoire la premi\u00e8re ann\u00e9e. Cependant, le fait de prendre une licence est important pour la vie de l&rsquo;association puisque plus l&rsquo;association [&hellip;]<\/p>\n","protected":false},"author":1,"featured_media":0,"parent":0,"menu_order":0,"comment_status":"closed","ping_status":"closed","template":"","meta":{"site-sidebar-layout":"default","site-content-layout":"","ast-site-content-layout":"","site-content-style":"default","site-sidebar-style":"default","ast-global-header-display":"","ast-banner-title-visibility":"","ast-main-header-display":"","ast-hfb-above-header-display":"","ast-hfb-below-header-display":"","ast-hfb-mobile-header-display":"","site-post-title":"","ast-breadcrumbs-content":"","ast-featured-img":"","footer-sml-layout":"","theme-transparent-header-meta":"","adv-header-id-meta":"","stick-header-meta":"","header-above-stick-meta":"","header-main-stick-meta":"","header-below-stick-meta":"","astra-migrate-meta-layouts":"default","ast-page-background-enabled":"default","ast-page-background-meta":{"desktop":{"background-color":"var(--ast-global-color-4)","background-image":"","background-repeat":"repeat","background-position":"center center","background-size":"auto","background-attachment":"scroll","background-type":"","background-media":"","overlay-type":"","overlay-color":"","overlay-gradient":""},"tablet":{"background-color":"","background-image":"","background-repeat":"repeat","background-position":"center center","background-size":"auto","background-attachment":"scroll","background-type":"","background-media":"","overlay-type":"","overlay-color":"","overlay-gradient":""},"mobile":{"background-color":"","background-image":"","background-repeat":"repeat","background-position":"center center","background-size":"auto","background-attachment":"scroll","background-type":"","background-media":"","overlay-type":"","overlay-color":"","overlay-gradient":""}},"ast-content-background-meta":{"desktop":{"background-color":"var(--ast-global-color-5)","background-image":"","background-repeat":"repeat","background-position":"center center","background-size":"auto","background-attachment":"scroll","background-type":"","background-media":"","overlay-type":"","overlay-color":"","overlay-gradient":""},"tablet":{"background-color":"var(--ast-global-color-5)","background-image":"","background-repeat":"repeat","background-position":"center center","background-size":"auto","background-attachment":"scroll","background-type":"","background-media":"","overlay-type":"","overlay-color":"","overlay-gradient":""},"mobile":{"background-color":"var(--ast-global-color-5)","background-image":"","background-repeat":"repeat","background-position":"center center","background-size":"auto","background-attachment":"scroll","background-type":"","background-media":"","overlay-type":"","overlay-color":"","overlay-gradient":""}},"footnotes":""},"class_list":["post-163","page","type-page","status-publish","hentry"],"yoast_head":"<!-- This site is optimized with the Yoast SEO plugin v27.3 - https:\/\/yoast.com\/product\/yoast-seo-wordpress\/ -->\n<title>Plein Ouest Raid Aventure - Adh\u00e9sion<\/title>\n<meta name=\"description\" content=\"Vous souhaitez vous insrire au club Plein Ouest ? Cette page est faite pour vous. Plein Ouest est un club de raid de l&#039;Essonne.\" \/>\n<meta name=\"robots\" content=\"index, follow, max-snippet:-1, max-image-preview:large, max-video-preview:-1\" \/>\n<link rel=\"canonical\" href=\"https:\/\/pleinouest-raidaventure.fr\/index.php\/adhesion-pleinouest\/\" \/>\n<meta property=\"og:locale\" content=\"fr_FR\" \/>\n<meta property=\"og:type\" content=\"article\" \/>\n<meta property=\"og:title\" content=\"Plein Ouest Raid Aventure - Adh\u00e9sion\" \/>\n<meta property=\"og:description\" content=\"Vous souhaitez vous insrire au club Plein Ouest ? Cette page est faite pour vous. Plein Ouest est un club de raid de l&#039;Essonne.\" \/>\n<meta property=\"og:url\" content=\"https:\/\/pleinouest-raidaventure.fr\/index.php\/adhesion-pleinouest\/\" \/>\n<meta property=\"og:site_name\" content=\"Plein Ouest Raid Aventure\" \/>\n<meta property=\"article:publisher\" content=\"https:\/\/www.facebook.com\/people\/Plein-Ouest-Raid-Aventure\/100063736293664\/?ref=embed_page\" \/>\n<meta property=\"article:modified_time\" content=\"2025-09-10T09:52:39+00:00\" \/>\n<meta name=\"twitter:card\" content=\"summary_large_image\" \/>\n<meta name=\"twitter:label1\" content=\"Dur\u00e9e de lecture estim\u00e9e\" \/>\n\t<meta name=\"twitter:data1\" content=\"2 minutes\" \/>\n<script type=\"application\/ld+json\" class=\"yoast-schema-graph\">{\"@context\":\"https:\\\/\\\/schema.org\",\"@graph\":[{\"@type\":\"WebPage\",\"@id\":\"https:\\\/\\\/pleinouest-raidaventure.fr\\\/index.php\\\/adhesion-pleinouest\\\/\",\"url\":\"https:\\\/\\\/pleinouest-raidaventure.fr\\\/index.php\\\/adhesion-pleinouest\\\/\",\"name\":\"Plein Ouest Raid Aventure - Adh\u00e9sion\",\"isPartOf\":{\"@id\":\"https:\\\/\\\/pleinouest-raidaventure.fr\\\/#website\"},\"datePublished\":\"2024-04-27T19:27:44+00:00\",\"dateModified\":\"2025-09-10T09:52:39+00:00\",\"description\":\"Vous souhaitez vous insrire au club Plein Ouest ? Cette page est faite pour vous. Plein Ouest est un club de raid de l'Essonne.\",\"breadcrumb\":{\"@id\":\"https:\\\/\\\/pleinouest-raidaventure.fr\\\/index.php\\\/adhesion-pleinouest\\\/#breadcrumb\"},\"inLanguage\":\"fr-FR\",\"potentialAction\":[{\"@type\":\"ReadAction\",\"target\":[\"https:\\\/\\\/pleinouest-raidaventure.fr\\\/index.php\\\/adhesion-pleinouest\\\/\"]}]},{\"@type\":\"BreadcrumbList\",\"@id\":\"https:\\\/\\\/pleinouest-raidaventure.fr\\\/index.php\\\/adhesion-pleinouest\\\/#breadcrumb\",\"itemListElement\":[{\"@type\":\"ListItem\",\"position\":1,\"name\":\"Accueil\",\"item\":\"https:\\\/\\\/pleinouest-raidaventure.fr\\\/\"},{\"@type\":\"ListItem\",\"position\":2,\"name\":\"Adh\u00e9sion\"}]},{\"@type\":\"WebSite\",\"@id\":\"https:\\\/\\\/pleinouest-raidaventure.fr\\\/#website\",\"url\":\"https:\\\/\\\/pleinouest-raidaventure.fr\\\/\",\"name\":\"Plein Ouest Raid Aventure\",\"description\":\"Club de raid en Essonne Plein Ouest\",\"publisher\":{\"@id\":\"https:\\\/\\\/pleinouest-raidaventure.fr\\\/#organization\"},\"alternateName\":\"Plein Ouest\",\"potentialAction\":[{\"@type\":\"SearchAction\",\"target\":{\"@type\":\"EntryPoint\",\"urlTemplate\":\"https:\\\/\\\/pleinouest-raidaventure.fr\\\/?s={search_term_string}\"},\"query-input\":{\"@type\":\"PropertyValueSpecification\",\"valueRequired\":true,\"valueName\":\"search_term_string\"}}],\"inLanguage\":\"fr-FR\"},{\"@type\":\"Organization\",\"@id\":\"https:\\\/\\\/pleinouest-raidaventure.fr\\\/#organization\",\"name\":\"Plein Ouest\",\"alternateName\":\"Plein Ouest Raid Aventure\",\"url\":\"https:\\\/\\\/pleinouest-raidaventure.fr\\\/\",\"logo\":{\"@type\":\"ImageObject\",\"inLanguage\":\"fr-FR\",\"@id\":\"https:\\\/\\\/pleinouest-raidaventure.fr\\\/#\\\/schema\\\/logo\\\/image\\\/\",\"url\":\"https:\\\/\\\/pleinouest-raidaventure.fr\\\/wp-content\\\/uploads\\\/2024\\\/04\\\/cropped-Logo-PleinOuest-NO-Raid-Aventure-1_prev_ui-1.png\",\"contentUrl\":\"https:\\\/\\\/pleinouest-raidaventure.fr\\\/wp-content\\\/uploads\\\/2024\\\/04\\\/cropped-Logo-PleinOuest-NO-Raid-Aventure-1_prev_ui-1.png\",\"width\":619,\"height\":403,\"caption\":\"Plein Ouest\"},\"image\":{\"@id\":\"https:\\\/\\\/pleinouest-raidaventure.fr\\\/#\\\/schema\\\/logo\\\/image\\\/\"},\"sameAs\":[\"https:\\\/\\\/www.facebook.com\\\/people\\\/Plein-Ouest-Raid-Aventure\\\/100063736293664\\\/?ref=embed_page\"]}]}<\/script>\n<!-- \/ Yoast SEO plugin. -->","yoast_head_json":{"title":"Plein Ouest Raid Aventure - Adh\u00e9sion","description":"Vous souhaitez vous insrire au club Plein Ouest ? Cette page est faite pour vous. Plein Ouest est un club de raid de l'Essonne.","robots":{"index":"index","follow":"follow","max-snippet":"max-snippet:-1","max-image-preview":"max-image-preview:large","max-video-preview":"max-video-preview:-1"},"canonical":"https:\/\/pleinouest-raidaventure.fr\/index.php\/adhesion-pleinouest\/","og_locale":"fr_FR","og_type":"article","og_title":"Plein Ouest Raid Aventure - Adh\u00e9sion","og_description":"Vous souhaitez vous insrire au club Plein Ouest ? Cette page est faite pour vous. Plein Ouest est un club de raid de l'Essonne.","og_url":"https:\/\/pleinouest-raidaventure.fr\/index.php\/adhesion-pleinouest\/","og_site_name":"Plein Ouest Raid Aventure","article_publisher":"https:\/\/www.facebook.com\/people\/Plein-Ouest-Raid-Aventure\/100063736293664\/?ref=embed_page","article_modified_time":"2025-09-10T09:52:39+00:00","twitter_card":"summary_large_image","twitter_misc":{"Dur\u00e9e de lecture estim\u00e9e":"2 minutes"},"schema":{"@context":"https:\/\/schema.org","@graph":[{"@type":"WebPage","@id":"https:\/\/pleinouest-raidaventure.fr\/index.php\/adhesion-pleinouest\/","url":"https:\/\/pleinouest-raidaventure.fr\/index.php\/adhesion-pleinouest\/","name":"Plein Ouest Raid Aventure - Adh\u00e9sion","isPartOf":{"@id":"https:\/\/pleinouest-raidaventure.fr\/#website"},"datePublished":"2024-04-27T19:27:44+00:00","dateModified":"2025-09-10T09:52:39+00:00","description":"Vous souhaitez vous insrire au club Plein Ouest ? Cette page est faite pour vous. Plein Ouest est un club de raid de l'Essonne.","breadcrumb":{"@id":"https:\/\/pleinouest-raidaventure.fr\/index.php\/adhesion-pleinouest\/#breadcrumb"},"inLanguage":"fr-FR","potentialAction":[{"@type":"ReadAction","target":["https:\/\/pleinouest-raidaventure.fr\/index.php\/adhesion-pleinouest\/"]}]},{"@type":"BreadcrumbList","@id":"https:\/\/pleinouest-raidaventure.fr\/index.php\/adhesion-pleinouest\/#breadcrumb","itemListElement":[{"@type":"ListItem","position":1,"name":"Accueil","item":"https:\/\/pleinouest-raidaventure.fr\/"},{"@type":"ListItem","position":2,"name":"Adh\u00e9sion"}]},{"@type":"WebSite","@id":"https:\/\/pleinouest-raidaventure.fr\/#website","url":"https:\/\/pleinouest-raidaventure.fr\/","name":"Plein Ouest Raid Aventure","description":"Club de raid en Essonne Plein Ouest","publisher":{"@id":"https:\/\/pleinouest-raidaventure.fr\/#organization"},"alternateName":"Plein Ouest","potentialAction":[{"@type":"SearchAction","target":{"@type":"EntryPoint","urlTemplate":"https:\/\/pleinouest-raidaventure.fr\/?s={search_term_string}"},"query-input":{"@type":"PropertyValueSpecification","valueRequired":true,"valueName":"search_term_string"}}],"inLanguage":"fr-FR"},{"@type":"Organization","@id":"https:\/\/pleinouest-raidaventure.fr\/#organization","name":"Plein Ouest","alternateName":"Plein Ouest Raid Aventure","url":"https:\/\/pleinouest-raidaventure.fr\/","logo":{"@type":"ImageObject","inLanguage":"fr-FR","@id":"https:\/\/pleinouest-raidaventure.fr\/#\/schema\/logo\/image\/","url":"https:\/\/pleinouest-raidaventure.fr\/wp-content\/uploads\/2024\/04\/cropped-Logo-PleinOuest-NO-Raid-Aventure-1_prev_ui-1.png","contentUrl":"https:\/\/pleinouest-raidaventure.fr\/wp-content\/uploads\/2024\/04\/cropped-Logo-PleinOuest-NO-Raid-Aventure-1_prev_ui-1.png","width":619,"height":403,"caption":"Plein Ouest"},"image":{"@id":"https:\/\/pleinouest-raidaventure.fr\/#\/schema\/logo\/image\/"},"sameAs":["https:\/\/www.facebook.com\/people\/Plein-Ouest-Raid-Aventure\/100063736293664\/?ref=embed_page"]}]}},"_links":{"self":[{"href":"https:\/\/pleinouest-raidaventure.fr\/index.php\/wp-json\/wp\/v2\/pages\/163","targetHints":{"allow":["GET"]}}],"collection":[{"href":"https:\/\/pleinouest-raidaventure.fr\/index.php\/wp-json\/wp\/v2\/pages"}],"about":[{"href":"https:\/\/pleinouest-raidaventure.fr\/index.php\/wp-json\/wp\/v2\/types\/page"}],"author":[{"embeddable":true,"href":"https:\/\/pleinouest-raidaventure.fr\/index.php\/wp-json\/wp\/v2\/users\/1"}],"replies":[{"embeddable":true,"href":"https:\/\/pleinouest-raidaventure.fr\/index.php\/wp-json\/wp\/v2\/comments?post=163"}],"version-history":[{"count":15,"href":"https:\/\/pleinouest-raidaventure.fr\/index.php\/wp-json\/wp\/v2\/pages\/163\/revisions"}],"predecessor-version":[{"id":313,"href":"https:\/\/pleinouest-raidaventure.fr\/index.php\/wp-json\/wp\/v2\/pages\/163\/revisions\/313"}],"wp:attachment":[{"href":"https:\/\/pleinouest-raidaventure.fr\/index.php\/wp-json\/wp\/v2\/media?parent=163"}],"curies":[{"name":"wp","href":"https:\/\/api.w.org\/{rel}","templated":true}]}}