{"id":10,"date":"2024-04-26T17:06:12","date_gmt":"2024-04-26T15:06:12","guid":{"rendered":"http:\/\/pleinouest-raidaventure.fr\/?page_id=10"},"modified":"2025-11-19T11:13:27","modified_gmt":"2025-11-19T10:13:27","slug":"qui-sommes-nous","status":"publish","type":"page","link":"https:\/\/pleinouest-raidaventure.fr\/index.php\/qui-sommes-nous\/","title":{"rendered":"Pr\u00e9sentation"},"content":{"rendered":"\n<p><strong>Qui est \u00ab\u00a0Plein Ouest\u00a0\u00bb<\/strong> <strong>?<\/strong><\/p>\n\n\n\n<p>Plein Ouest, c&rsquo;est d&rsquo;abord une \u00e9quipe de passionn\u00e9s de sport nature. On aime \u00eatre dehors, quel que soit le temps ou la saison. On aime les beaux paysages, surtout quand ils sont nouveaux. On aime monter, descendre, remonter puis enfin redescendre. On aime se perdre, chercher et trouver. Et puis on aime surtout se retrouver autour d&rsquo;une boisson \u00e0 base de houblon pour se raconter nos aventures.  <\/p>\n\n\n\n<figure class=\"wp-block-gallery alignwide has-nested-images columns-default is-cropped wp-block-gallery-1 is-layout-flex wp-block-gallery-is-layout-flex\">\n<figure class=\"wp-block-image aligncenter size-large\"><img loading=\"lazy\" decoding=\"async\" width=\"1024\" height=\"768\" data-id=\"28\" src=\"https:\/\/pleinouest-raidaventure.fr\/wp-content\/uploads\/2024\/04\/IMG-20240426-WA00021-1-1024x768.jpg\" alt=\"\" class=\"wp-image-28\" srcset=\"https:\/\/pleinouest-raidaventure.fr\/wp-content\/uploads\/2024\/04\/IMG-20240426-WA00021-1-1024x768.jpg 1024w, https:\/\/pleinouest-raidaventure.fr\/wp-content\/uploads\/2024\/04\/IMG-20240426-WA00021-1-300x225.jpg 300w, https:\/\/pleinouest-raidaventure.fr\/wp-content\/uploads\/2024\/04\/IMG-20240426-WA00021-1-768x576.jpg 768w, https:\/\/pleinouest-raidaventure.fr\/wp-content\/uploads\/2024\/04\/IMG-20240426-WA00021-1-1536x1152.jpg 1536w, https:\/\/pleinouest-raidaventure.fr\/wp-content\/uploads\/2024\/04\/IMG-20240426-WA00021-1.jpg 1600w\" sizes=\"auto, (max-width: 1024px) 100vw, 1024px\" \/><\/figure>\n\n\n\n<figure class=\"wp-block-image size-full\"><img loading=\"lazy\" decoding=\"async\" width=\"1024\" height=\"718\" data-id=\"29\" src=\"https:\/\/pleinouest-raidaventure.fr\/wp-content\/uploads\/2024\/04\/IMG-20240426-WA00061.jpg\" alt=\"\" class=\"wp-image-29\" srcset=\"https:\/\/pleinouest-raidaventure.fr\/wp-content\/uploads\/2024\/04\/IMG-20240426-WA00061.jpg 1024w, https:\/\/pleinouest-raidaventure.fr\/wp-content\/uploads\/2024\/04\/IMG-20240426-WA00061-300x210.jpg 300w, https:\/\/pleinouest-raidaventure.fr\/wp-content\/uploads\/2024\/04\/IMG-20240426-WA00061-768x539.jpg 768w\" sizes=\"auto, (max-width: 1024px) 100vw, 1024px\" \/><\/figure>\n<\/figure>\n\n\n\n<p><strong>Le raid Multisport, qu&rsquo;est ce que c&rsquo;est ?<\/strong><\/p>\n\n\n\n<p>Il s&rsquo;agit d&rsquo;une activit\u00e9 outdoor qui consiste \u00e0 encha\u00eener des \u00e9preuves en combinant  plusieurs disciplines. Elle se pratique en \u00e9quipe, de jour comme de nuit, sur un ou plusieurs jours, en France ou \u00e0 l&rsquo;\u00e9tranger, en mode d\u00e9couverte ou en comp\u00e9tition&#8230;<\/p>\n\n\n\n<p>Les \u00e9preuves que l&rsquo;on retrouve le plus souvent sont la course \u00e0 pied, le VTT et le cano\u00eb, le plus souvent en orientation. De nombreuses \u00e9preuves annexes peuvent s&rsquo;int\u00e9grer au gr\u00e9 des envies et des possibilit\u00e9s des organisateurs : escalade, tir (sarbacane, arc, carabine\u2026 ), roller, nage, via ferrata.<\/p>\n\n\n\n<p><\/p>\n\n\n\n<figure class=\"wp-block-embed is-type-video is-provider-youtube wp-block-embed-youtube wp-embed-aspect-16-9 wp-has-aspect-ratio\"><div class=\"wp-block-embed__wrapper\">\n<div class=\"ast-oembed-container \" style=\"height: 100%;\"><iframe loading=\"lazy\" title=\"teaser F\u00e9d\u00e9ration des raids multisports de nature\" width=\"500\" height=\"281\" src=\"https:\/\/www.youtube.com\/embed\/j5t657N1fCg?feature=oembed\" frameborder=\"0\" allow=\"accelerometer; autoplay; clipboard-write; encrypted-media; gyroscope; picture-in-picture; web-share\" referrerpolicy=\"strict-origin-when-cross-origin\" allowfullscreen><\/iframe><\/div>\n<\/div><\/figure>\n\n\n\n<p><strong>Qu&rsquo;est ce qu&rsquo;on vous propose ?<\/strong><\/p>\n\n\n\n<p>Nous vous proposons un entra\u00eenement par mois, qui se d\u00e9roule le dimanche matin. Bien que bas\u00e9 \u00e0 Champcueil dans l&rsquo;Essonne, nous varions nos lieux d&rsquo;entra\u00eenement pour vous proposer diff\u00e9rents terrains de jeux. Au programme de nos entra\u00eenements : course d&rsquo;orientation, VTT&rsquo;orientation et une \u00e9preuve suppl\u00e9mentaire variable d&rsquo;un entra\u00eenement \u00e0 l&rsquo;autre : cano\u00eb, run &amp; bike, escalade, tir\u2026<\/p>\n\n\n\n<p><strong>Comment nous rejoindre ?<\/strong><\/p>\n\n\n\n<p>Vous pouvez directement nous retrouver sur le lieux de nos entra\u00eenement  (Voir l&rsquo;agenda). Vous pouvez \u00e9galement nous contacter par mail, t\u00e9l\u00e9phone, via facebook ou directement \u00e0 partir de la rubrique Contact .<\/p>\n\n\n\n<p><\/p>\n","protected":false},"excerpt":{"rendered":"<p>Qui est \u00ab\u00a0Plein Ouest\u00a0\u00bb ? Plein Ouest, c&rsquo;est d&rsquo;abord une \u00e9quipe de passionn\u00e9s de sport nature. On aime \u00eatre dehors, quel que soit le temps ou la saison. On aime [&hellip;]<\/p>\n","protected":false},"author":1,"featured_media":0,"parent":0,"menu_order":0,"comment_status":"closed","ping_status":"closed","template":"","meta":{"site-sidebar-layout":"default","site-content-layout":"","ast-site-content-layout":"","site-content-style":"default","site-sidebar-style":"default","ast-global-header-display":"","ast-banner-title-visibility":"","ast-main-header-display":"","ast-hfb-above-header-display":"","ast-hfb-below-header-display":"","ast-hfb-mobile-header-display":"","site-post-title":"","ast-breadcrumbs-content":"","ast-featured-img":"","footer-sml-layout":"","theme-transparent-header-meta":"","adv-header-id-meta":"","stick-header-meta":"","header-above-stick-meta":"","header-main-stick-meta":"","header-below-stick-meta":"","astra-migrate-meta-layouts":"default","ast-page-background-enabled":"default","ast-page-background-meta":{"desktop":{"background-color":"var(--ast-global-color-4)","background-image":"","background-repeat":"repeat","background-position":"center center","background-size":"auto","background-attachment":"scroll","background-type":"","background-media":"","overlay-type":"","overlay-color":"","overlay-gradient":""},"tablet":{"background-color":"","background-image":"","background-repeat":"repeat","background-position":"center center","background-size":"auto","background-attachment":"scroll","background-type":"","background-media":"","overlay-type":"","overlay-color":"","overlay-gradient":""},"mobile":{"background-color":"","background-image":"","background-repeat":"repeat","background-position":"center center","background-size":"auto","background-attachment":"scroll","background-type":"","background-media":"","overlay-type":"","overlay-color":"","overlay-gradient":""}},"ast-content-background-meta":{"desktop":{"background-color":"var(--ast-global-color-5)","background-image":"","background-repeat":"repeat","background-position":"center center","background-size":"auto","background-attachment":"scroll","background-type":"","background-media":"","overlay-type":"","overlay-color":"","overlay-gradient":""},"tablet":{"background-color":"var(--ast-global-color-5)","background-image":"","background-repeat":"repeat","background-position":"center center","background-size":"auto","background-attachment":"scroll","background-type":"","background-media":"","overlay-type":"","overlay-color":"","overlay-gradient":""},"mobile":{"background-color":"var(--ast-global-color-5)","background-image":"","background-repeat":"repeat","background-position":"center center","background-size":"auto","background-attachment":"scroll","background-type":"","background-media":"","overlay-type":"","overlay-color":"","overlay-gradient":""}},"footnotes":""},"class_list":["post-10","page","type-page","status-publish","hentry"],"yoast_head":"<!-- This site is optimized with the Yoast SEO plugin v27.3 - https:\/\/yoast.com\/product\/yoast-seo-wordpress\/ -->\n<title>Plein Ouest Raid Aventure - Pr\u00e9sentation<\/title>\n<meta name=\"description\" content=\"Bienvenue sur le site de Plein Ouest Raid Aventure. Nous sommes une association de Raid Nature en Essonne.\" \/>\n<meta name=\"robots\" content=\"index, follow, max-snippet:-1, max-image-preview:large, max-video-preview:-1\" \/>\n<link rel=\"canonical\" href=\"https:\/\/pleinouest-raidaventure.fr\/index.php\/qui-sommes-nous\/\" \/>\n<meta property=\"og:locale\" content=\"fr_FR\" \/>\n<meta property=\"og:type\" content=\"article\" \/>\n<meta property=\"og:title\" content=\"Plein Ouest Raid Aventure - Pr\u00e9sentation\" \/>\n<meta property=\"og:description\" content=\"Bienvenue sur le site de Plein Ouest Raid Aventure. Nous sommes une association de Raid Nature en Essonne.\" \/>\n<meta property=\"og:url\" content=\"https:\/\/pleinouest-raidaventure.fr\/index.php\/qui-sommes-nous\/\" \/>\n<meta property=\"og:site_name\" content=\"Plein Ouest Raid Aventure\" \/>\n<meta property=\"article:publisher\" content=\"https:\/\/www.facebook.com\/people\/Plein-Ouest-Raid-Aventure\/100063736293664\/?ref=embed_page\" \/>\n<meta property=\"article:modified_time\" content=\"2025-11-19T10:13:27+00:00\" \/>\n<meta property=\"og:image\" content=\"http:\/\/pleinouest-raidaventure.fr\/wp-content\/uploads\/2024\/04\/IMG-20240426-WA00021-1-1024x768.jpg\" \/>\n<meta name=\"twitter:card\" content=\"summary_large_image\" \/>\n<meta name=\"twitter:label1\" content=\"Dur\u00e9e de lecture estim\u00e9e\" \/>\n\t<meta name=\"twitter:data1\" content=\"2 minutes\" \/>\n<script type=\"application\/ld+json\" class=\"yoast-schema-graph\">{\"@context\":\"https:\\\/\\\/schema.org\",\"@graph\":[{\"@type\":\"WebPage\",\"@id\":\"https:\\\/\\\/pleinouest-raidaventure.fr\\\/index.php\\\/qui-sommes-nous\\\/\",\"url\":\"https:\\\/\\\/pleinouest-raidaventure.fr\\\/index.php\\\/qui-sommes-nous\\\/\",\"name\":\"Plein Ouest Raid Aventure - Pr\u00e9sentation\",\"isPartOf\":{\"@id\":\"https:\\\/\\\/pleinouest-raidaventure.fr\\\/#website\"},\"primaryImageOfPage\":{\"@id\":\"https:\\\/\\\/pleinouest-raidaventure.fr\\\/index.php\\\/qui-sommes-nous\\\/#primaryimage\"},\"image\":{\"@id\":\"https:\\\/\\\/pleinouest-raidaventure.fr\\\/index.php\\\/qui-sommes-nous\\\/#primaryimage\"},\"thumbnailUrl\":\"http:\\\/\\\/pleinouest-raidaventure.fr\\\/wp-content\\\/uploads\\\/2024\\\/04\\\/IMG-20240426-WA00021-1-1024x768.jpg\",\"datePublished\":\"2024-04-26T15:06:12+00:00\",\"dateModified\":\"2025-11-19T10:13:27+00:00\",\"description\":\"Bienvenue sur le site de Plein Ouest Raid Aventure. Nous sommes une association de Raid Nature en Essonne.\",\"breadcrumb\":{\"@id\":\"https:\\\/\\\/pleinouest-raidaventure.fr\\\/index.php\\\/qui-sommes-nous\\\/#breadcrumb\"},\"inLanguage\":\"fr-FR\",\"potentialAction\":[{\"@type\":\"ReadAction\",\"target\":[\"https:\\\/\\\/pleinouest-raidaventure.fr\\\/index.php\\\/qui-sommes-nous\\\/\"]}]},{\"@type\":\"ImageObject\",\"inLanguage\":\"fr-FR\",\"@id\":\"https:\\\/\\\/pleinouest-raidaventure.fr\\\/index.php\\\/qui-sommes-nous\\\/#primaryimage\",\"url\":\"http:\\\/\\\/pleinouest-raidaventure.fr\\\/wp-content\\\/uploads\\\/2024\\\/04\\\/IMG-20240426-WA00021-1-1024x768.jpg\",\"contentUrl\":\"http:\\\/\\\/pleinouest-raidaventure.fr\\\/wp-content\\\/uploads\\\/2024\\\/04\\\/IMG-20240426-WA00021-1-1024x768.jpg\"},{\"@type\":\"BreadcrumbList\",\"@id\":\"https:\\\/\\\/pleinouest-raidaventure.fr\\\/index.php\\\/qui-sommes-nous\\\/#breadcrumb\",\"itemListElement\":[{\"@type\":\"ListItem\",\"position\":1,\"name\":\"Accueil\",\"item\":\"https:\\\/\\\/pleinouest-raidaventure.fr\\\/\"},{\"@type\":\"ListItem\",\"position\":2,\"name\":\"Pr\u00e9sentation\"}]},{\"@type\":\"WebSite\",\"@id\":\"https:\\\/\\\/pleinouest-raidaventure.fr\\\/#website\",\"url\":\"https:\\\/\\\/pleinouest-raidaventure.fr\\\/\",\"name\":\"Plein Ouest Raid Aventure\",\"description\":\"Club de raid en Essonne Plein Ouest\",\"publisher\":{\"@id\":\"https:\\\/\\\/pleinouest-raidaventure.fr\\\/#organization\"},\"alternateName\":\"Plein Ouest\",\"potentialAction\":[{\"@type\":\"SearchAction\",\"target\":{\"@type\":\"EntryPoint\",\"urlTemplate\":\"https:\\\/\\\/pleinouest-raidaventure.fr\\\/?s={search_term_string}\"},\"query-input\":{\"@type\":\"PropertyValueSpecification\",\"valueRequired\":true,\"valueName\":\"search_term_string\"}}],\"inLanguage\":\"fr-FR\"},{\"@type\":\"Organization\",\"@id\":\"https:\\\/\\\/pleinouest-raidaventure.fr\\\/#organization\",\"name\":\"Plein Ouest\",\"alternateName\":\"Plein Ouest Raid Aventure\",\"url\":\"https:\\\/\\\/pleinouest-raidaventure.fr\\\/\",\"logo\":{\"@type\":\"ImageObject\",\"inLanguage\":\"fr-FR\",\"@id\":\"https:\\\/\\\/pleinouest-raidaventure.fr\\\/#\\\/schema\\\/logo\\\/image\\\/\",\"url\":\"https:\\\/\\\/pleinouest-raidaventure.fr\\\/wp-content\\\/uploads\\\/2024\\\/04\\\/cropped-Logo-PleinOuest-NO-Raid-Aventure-1_prev_ui-1.png\",\"contentUrl\":\"https:\\\/\\\/pleinouest-raidaventure.fr\\\/wp-content\\\/uploads\\\/2024\\\/04\\\/cropped-Logo-PleinOuest-NO-Raid-Aventure-1_prev_ui-1.png\",\"width\":619,\"height\":403,\"caption\":\"Plein Ouest\"},\"image\":{\"@id\":\"https:\\\/\\\/pleinouest-raidaventure.fr\\\/#\\\/schema\\\/logo\\\/image\\\/\"},\"sameAs\":[\"https:\\\/\\\/www.facebook.com\\\/people\\\/Plein-Ouest-Raid-Aventure\\\/100063736293664\\\/?ref=embed_page\"]}]}<\/script>\n<!-- \/ Yoast SEO plugin. -->","yoast_head_json":{"title":"Plein Ouest Raid Aventure - Pr\u00e9sentation","description":"Bienvenue sur le site de Plein Ouest Raid Aventure. Nous sommes une association de Raid Nature en Essonne.","robots":{"index":"index","follow":"follow","max-snippet":"max-snippet:-1","max-image-preview":"max-image-preview:large","max-video-preview":"max-video-preview:-1"},"canonical":"https:\/\/pleinouest-raidaventure.fr\/index.php\/qui-sommes-nous\/","og_locale":"fr_FR","og_type":"article","og_title":"Plein Ouest Raid Aventure - Pr\u00e9sentation","og_description":"Bienvenue sur le site de Plein Ouest Raid Aventure. Nous sommes une association de Raid Nature en Essonne.","og_url":"https:\/\/pleinouest-raidaventure.fr\/index.php\/qui-sommes-nous\/","og_site_name":"Plein Ouest Raid Aventure","article_publisher":"https:\/\/www.facebook.com\/people\/Plein-Ouest-Raid-Aventure\/100063736293664\/?ref=embed_page","article_modified_time":"2025-11-19T10:13:27+00:00","og_image":[{"url":"http:\/\/pleinouest-raidaventure.fr\/wp-content\/uploads\/2024\/04\/IMG-20240426-WA00021-1-1024x768.jpg","type":"","width":"","height":""}],"twitter_card":"summary_large_image","twitter_misc":{"Dur\u00e9e de lecture estim\u00e9e":"2 minutes"},"schema":{"@context":"https:\/\/schema.org","@graph":[{"@type":"WebPage","@id":"https:\/\/pleinouest-raidaventure.fr\/index.php\/qui-sommes-nous\/","url":"https:\/\/pleinouest-raidaventure.fr\/index.php\/qui-sommes-nous\/","name":"Plein Ouest Raid Aventure - Pr\u00e9sentation","isPartOf":{"@id":"https:\/\/pleinouest-raidaventure.fr\/#website"},"primaryImageOfPage":{"@id":"https:\/\/pleinouest-raidaventure.fr\/index.php\/qui-sommes-nous\/#primaryimage"},"image":{"@id":"https:\/\/pleinouest-raidaventure.fr\/index.php\/qui-sommes-nous\/#primaryimage"},"thumbnailUrl":"http:\/\/pleinouest-raidaventure.fr\/wp-content\/uploads\/2024\/04\/IMG-20240426-WA00021-1-1024x768.jpg","datePublished":"2024-04-26T15:06:12+00:00","dateModified":"2025-11-19T10:13:27+00:00","description":"Bienvenue sur le site de Plein Ouest Raid Aventure. Nous sommes une association de Raid Nature en Essonne.","breadcrumb":{"@id":"https:\/\/pleinouest-raidaventure.fr\/index.php\/qui-sommes-nous\/#breadcrumb"},"inLanguage":"fr-FR","potentialAction":[{"@type":"ReadAction","target":["https:\/\/pleinouest-raidaventure.fr\/index.php\/qui-sommes-nous\/"]}]},{"@type":"ImageObject","inLanguage":"fr-FR","@id":"https:\/\/pleinouest-raidaventure.fr\/index.php\/qui-sommes-nous\/#primaryimage","url":"http:\/\/pleinouest-raidaventure.fr\/wp-content\/uploads\/2024\/04\/IMG-20240426-WA00021-1-1024x768.jpg","contentUrl":"http:\/\/pleinouest-raidaventure.fr\/wp-content\/uploads\/2024\/04\/IMG-20240426-WA00021-1-1024x768.jpg"},{"@type":"BreadcrumbList","@id":"https:\/\/pleinouest-raidaventure.fr\/index.php\/qui-sommes-nous\/#breadcrumb","itemListElement":[{"@type":"ListItem","position":1,"name":"Accueil","item":"https:\/\/pleinouest-raidaventure.fr\/"},{"@type":"ListItem","position":2,"name":"Pr\u00e9sentation"}]},{"@type":"WebSite","@id":"https:\/\/pleinouest-raidaventure.fr\/#website","url":"https:\/\/pleinouest-raidaventure.fr\/","name":"Plein Ouest Raid Aventure","description":"Club de raid en Essonne Plein Ouest","publisher":{"@id":"https:\/\/pleinouest-raidaventure.fr\/#organization"},"alternateName":"Plein Ouest","potentialAction":[{"@type":"SearchAction","target":{"@type":"EntryPoint","urlTemplate":"https:\/\/pleinouest-raidaventure.fr\/?s={search_term_string}"},"query-input":{"@type":"PropertyValueSpecification","valueRequired":true,"valueName":"search_term_string"}}],"inLanguage":"fr-FR"},{"@type":"Organization","@id":"https:\/\/pleinouest-raidaventure.fr\/#organization","name":"Plein Ouest","alternateName":"Plein Ouest Raid Aventure","url":"https:\/\/pleinouest-raidaventure.fr\/","logo":{"@type":"ImageObject","inLanguage":"fr-FR","@id":"https:\/\/pleinouest-raidaventure.fr\/#\/schema\/logo\/image\/","url":"https:\/\/pleinouest-raidaventure.fr\/wp-content\/uploads\/2024\/04\/cropped-Logo-PleinOuest-NO-Raid-Aventure-1_prev_ui-1.png","contentUrl":"https:\/\/pleinouest-raidaventure.fr\/wp-content\/uploads\/2024\/04\/cropped-Logo-PleinOuest-NO-Raid-Aventure-1_prev_ui-1.png","width":619,"height":403,"caption":"Plein Ouest"},"image":{"@id":"https:\/\/pleinouest-raidaventure.fr\/#\/schema\/logo\/image\/"},"sameAs":["https:\/\/www.facebook.com\/people\/Plein-Ouest-Raid-Aventure\/100063736293664\/?ref=embed_page"]}]}},"_links":{"self":[{"href":"https:\/\/pleinouest-raidaventure.fr\/index.php\/wp-json\/wp\/v2\/pages\/10","targetHints":{"allow":["GET"]}}],"collection":[{"href":"https:\/\/pleinouest-raidaventure.fr\/index.php\/wp-json\/wp\/v2\/pages"}],"about":[{"href":"https:\/\/pleinouest-raidaventure.fr\/index.php\/wp-json\/wp\/v2\/types\/page"}],"author":[{"embeddable":true,"href":"https:\/\/pleinouest-raidaventure.fr\/index.php\/wp-json\/wp\/v2\/users\/1"}],"replies":[{"embeddable":true,"href":"https:\/\/pleinouest-raidaventure.fr\/index.php\/wp-json\/wp\/v2\/comments?post=10"}],"version-history":[{"count":7,"href":"https:\/\/pleinouest-raidaventure.fr\/index.php\/wp-json\/wp\/v2\/pages\/10\/revisions"}],"predecessor-version":[{"id":194,"href":"https:\/\/pleinouest-raidaventure.fr\/index.php\/wp-json\/wp\/v2\/pages\/10\/revisions\/194"}],"wp:attachment":[{"href":"https:\/\/pleinouest-raidaventure.fr\/index.php\/wp-json\/wp\/v2\/media?parent=10"}],"curies":[{"name":"wp","href":"https:\/\/api.w.org\/{rel}","templated":true}]}}